{"id":2444,"date":"2025-07-18T12:57:06","date_gmt":"2025-07-18T16:57:06","guid":{"rendered":"https:\/\/dechilealpaladar.cl\/?page_id=2444"},"modified":"2025-08-31T11:19:22","modified_gmt":"2025-08-31T15:19:22","slug":"publish-with-us","status":"publish","type":"page","link":"https:\/\/dechilealpaladar.cl\/en\/publicar-con-nosotros\/","title":{"rendered":"Publish with us"},"content":{"rendered":"<div data-elementor-type=\"wp-page\" data-elementor-id=\"2444\" class=\"elementor elementor-2444\" data-elementor-post-type=\"page\">\n\t\t\t\t<div class=\"elementor-element elementor-element-1d9e614 e-flex e-con-boxed e-con e-parent\" data-id=\"1d9e614\" data-element_type=\"container\" data-e-type=\"container\">\n\t\t\t\t\t<div class=\"e-con-inner\">\n\t\t\t\t<div class=\"elementor-element elementor-element-cb84565 elementor-widget elementor-widget-html\" data-id=\"cb84565\" data-element_type=\"widget\" data-e-type=\"widget\" data-widget_type=\"html.default\">\n\t\t\t\t<div class=\"elementor-widget-container\">\n\t\t\t\t\t<!-- An\u00fanciate en De Chile al Paladar (Elementor section-safe) -->\n<section id=\"dcap-ads\" class=\"dcap-ads\">\n\n  <style>\n    \/* Scope everything to #dcap-ads to avoid leaking styles *\/\n    #dcap-ads, #dcap-ads * { box-sizing: border-box; }\n    #dcap-ads { background: #fffaf5; color: #2d2d2d; line-height: 1.6; }\n\n    #dcap-ads .banner {\n      background: linear-gradient(145deg, #8B4B8C, #C77B9E);\n      padding: clamp(1.5rem, 5vw, 3rem);\n      text-align: center;\n      color: #fff;\n    }\n    #dcap-ads .banner h1 {\n      \/* Use your site font stack instead of injecting Google Fonts here *\/\n      font-family: var(--e-global-typography-primary-font-family, \"DM Serif Text\"), serif;\n      font-size: clamp(1.8rem, 5vw, 2.5rem);\n      margin-bottom: .5rem;\n      line-height: 1.2;\n    }\n    #dcap-ads .banner p {\n      font-size: clamp(1rem, 3vw, 1.2rem);\n      max-width: 700px;\n      margin: 0 auto;\n      opacity: .9;\n      padding: 0 1rem;\n    }\n\n    #dcap-ads .section {\n      max-width: 1200px;\n      margin: clamp(1.5rem, 4vw, 3rem) auto;\n      padding: 0 clamp(1rem, 3vw, 2rem);\n    }\n    #dcap-ads .section h2 {\n      font-size: clamp(1.4rem, 4vw, 2rem);\n      color: #8B4B8C;\n      text-align: center;\n      margin-bottom: clamp(1.5rem, 3vw, 2.5rem);\n      font-weight: 600;\n    }\n\n    #dcap-ads .stats-grid {\n      display: grid;\n      grid-template-columns: repeat(auto-fit, minmax(min(250px, 100%), 1fr));\n      gap: clamp(1rem, 3vw, 1.5rem);\n      margin-bottom: 2rem;\n    }\n    #dcap-ads .stat-card {\n      background: #fff; padding: clamp(1rem, 3vw, 1.5rem);\n      border-radius: 12px; text-align: center;\n      box-shadow: 0 4px 20px rgba(139, 75, 140, 0.1);\n      transition: transform .3s ease, box-shadow .3s ease;\n      min-height: 140px; display: flex; flex-direction: column; justify-content: center;\n    }\n    #dcap-ads .stat-card:hover { transform: translateY(-4px); box-shadow: 0 12px 30px rgba(139,75,140,.15); }\n    #dcap-ads .stat-icon { font-size: clamp(1.5rem, 4vw, 2rem); margin-bottom: .5rem; }\n    #dcap-ads .stat-number { font-size: clamp(1.5rem, 4vw, 2rem); font-weight: 700; color: #8B4B8C; margin-bottom: .3rem; }\n    #dcap-ads .stat-label { font-size: clamp(.9rem, 2.5vw, 1rem); color: #555; }\n\n    #dcap-ads .options-grid {\n      list-style: none; padding: 0; margin: 0;\n      display: grid; grid-template-columns: repeat(4, 1fr);\n      gap: clamp(1rem, 3vw, 1.5rem);\n    }\n    @media (max-width: 1024px) { #dcap-ads .options-grid { grid-template-columns: repeat(2, 1fr); } }\n    #dcap-ads .options-grid li {\n      background: #fff; border-left: 5px solid #A85C92;\n      padding: clamp(1rem, 3vw, 1.5rem);\n      box-shadow: 0 4px 15px rgba(0,0,0,.05);\n      border-radius: 10px;\n      transition: transform .2s ease, box-shadow .2s ease;\n    }\n    #dcap-ads .options-grid li:hover { transform: translateY(-2px); box-shadow: 0 8px 25px rgba(0,0,0,.1); }\n    #dcap-ads .options-grid strong { color: #8B4B8C; font-size: clamp(1rem, 2.5vw, 1.1rem); display: block; margin-bottom: .5rem; }\n\n    #dcap-ads .cta { text-align: center; padding: clamp(1.5rem, 4vw, 3rem); }\n    #dcap-ads .cta a {\n      display: inline-block; padding: clamp(.8rem, 2vw, 1rem) clamp(1.5rem, 4vw, 2.5rem);\n      border-radius: 30px; background: #A85C92; color: #fff; font-weight: 700; text-decoration: none;\n      box-shadow: 0 6px 20px rgba(139,75,140,.2);\n      transition: transform .2s ease, box-shadow .2s ease;\n      font-size: clamp(1rem, 2.5vw, 1.1rem);\n    }\n    #dcap-ads .cta a:hover { transform: translateY(-3px); box-shadow: 0 8px 25px rgba(139,75,140,.3); }\n\n    #dcap-ads .ad-sizes { text-align: center; margin: clamp(2rem, 5vw, 4rem) auto clamp(1rem, 3vw, 2rem); }\n    #dcap-ads .ad-sizes-container {\n      max-width: 100%; margin: 0 auto; position: relative; overflow: hidden;\n      border-radius: 12px; box-shadow: 0 4px 30px rgba(0,0,0,.1);\n    }\n    #dcap-ads .ad-sizes img { width: 100%; height: auto; display: block; object-fit: contain; }\n\n    \/* Responsive tweaks *\/\n    @media (max-width: 768px) {\n      #dcap-ads .banner { padding: 2rem 1rem; }\n      #dcap-ads .stats-grid { grid-template-columns: repeat(auto-fit, minmax(min(200px, 100%), 1fr)); gap: 1rem; }\n      #dcap-ads .stat-card { min-height: 120px; padding: 1rem; }\n      #dcap-ads .options-grid { grid-template-columns: 1fr; }\n      #dcap-ads .section { padding: 0 1rem; }\n    }\n    @media (max-width: 480px) {\n      #dcap-ads .banner { padding: 1.5rem .5rem; }\n      #dcap-ads .stats-grid { grid-template-columns: repeat(auto-fit, minmax(min(160px, 100%), 1fr)); }\n      #dcap-ads .stat-card { min-height: 100px; padding: .8rem; }\n      #dcap-ads .stat-number { font-size: 1.3rem; }\n      #dcap-ads .stat-label { font-size: .8rem; }\n      #dcap-ads .section { margin: 1.5rem auto; padding: 0 .5rem; }\n    }\n    @media (max-width: 360px) {\n      #dcap-ads .stats-grid { grid-template-columns: 1fr; gap: .8rem; }\n      #dcap-ads .stat-card { min-height: 90px; }\n    }\n\n    \/* High-res images *\/\n    @media (-webkit-min-device-pixel-ratio: 2), (min-resolution: 192dpi) {\n      #dcap-ads .ad-sizes img { image-rendering: -webkit-optimize-contrast; image-rendering: crisp-edges; }\n    }\n\n    \/* Print *\/\n    @media print {\n      #dcap-ads .banner { background: #8B4B8C !important; color: #fff !important; }\n      #dcap-ads .stat-card, #dcap-ads .options-grid li { break-inside: avoid; }\n    }\n\n    \/* Respect reduced motion *\/\n    @media (prefers-reduced-motion: reduce) {\n      #dcap-ads .stat-card, #dcap-ads .options-grid li, #dcap-ads .cta a { transition: none; }\n      #dcap-ads .stat-card:hover, #dcap-ads .options-grid li:hover, #dcap-ads .cta a:hover { transform: none; }\n    }\n  <\/style>\n\n  <div class=\"banner\">\n    <h1>Publish with us<\/h1>\n    <p>Connect directly with your ideal audience in the world of Chilean wine and gastronomy. 100% is responsive and designed for all devices.<\/p>\n  <\/div>\n\n  <div class=\"section\">\n    <h2>Visibility options<\/h2>\n    <ul class=\"options-grid\">\n      <li><strong>Adaptive banners<\/strong>High visibility on desktop and mobile<\/li>\n      <li><strong>Editorial content<\/strong>Tastings, reviews, featured articles<\/li>\n      <li><strong>Email marketing<\/strong>Interested and targeted subscribers<\/li>\n      <li><strong>Social media<\/strong>Posts, stories and visual collaborations<\/li>\n    <\/ul>\n  <\/div>\n\n  <div class=\"section\">\n    <h2>Scope and results<\/h2>\n    <div class=\"stats-grid\">\n      <div class=\"stat-card\">\n        <div class=\"stat-icon\" aria-hidden=\"true\">\ud83d\udcc8<\/div>\n        <div class=\"stat-number\">+31%<\/div>\n        <div class=\"stat-label\">Sustained monthly growth<\/div>\n      <\/div>\n      <div class=\"stat-card\">\n        <div class=\"stat-icon\" aria-hidden=\"true\">\ud83d\udd0d<\/div>\n        <div class=\"stat-number\">4.4K<\/div>\n        <div class=\"stat-label\">Monthly search impressions<\/div>\n      <\/div>\n      <div class=\"stat-card\">\n        <div class=\"stat-icon\" aria-hidden=\"true\">\ud83c\udfaf<\/div>\n        <div class=\"stat-number\">100%<\/div>\n        <div class=\"stat-label\">Specialised wine audience<\/div>\n      <\/div>\n      <div class=\"stat-card\">\n        <div class=\"stat-icon\" aria-hidden=\"true\">\ud83d\udcca<\/div>\n        <div class=\"stat-number\">41%<\/div>\n        <div class=\"stat-label\">Organic search traffic<\/div>\n      <\/div>\n    <\/div>\n  <\/div>\n\n  <div class=\"section ad-sizes\">\n    <h2>Available ad formats<\/h2>\n    <div class=\"ad-sizes-container\">\n      <img decoding=\"async\" src=\"https:\/\/dechilealpaladar.cl\/wp-content\/uploads\/2025\/07\/Sizes_Ads.jpg\" alt=\"Available ad formats\" loading=\"lazy\">\n    <\/div>\n  <\/div>\n\n  <div class=\"cta\">\n    <a href=\"mailto:equipo@dechilealpaladar.cl?subject=Publicidad\">Order Media Kit<\/a>\n  <\/div>\n\n<\/section>\n\t\t\t\t<\/div>\n\t\t\t\t<\/div>\n\t\t\t\t\t<\/div>\n\t\t\t\t<\/div>\n\t\t\t\t<\/div>","protected":false},"excerpt":{"rendered":"<p>Publica con nosotros Conecta directo con tu audiencia ideal en el mundo del vino y la gastronom\u00eda chilena. 100% responsivo y pensado para todos los dispositivos. Opciones de visibilidad Banners adaptativosAlta visibilidad en desktop y m\u00f3vil Contenido editorialCatas, rese\u00f1as, art\u00edculos destacados Email marketingSuscriptores interesados y segmentados Social mediaPosts, stories y colaboraciones visuales Alcance y resultados [&hellip;]<\/p>\n","protected":false},"author":1,"featured_media":0,"parent":0,"menu_order":0,"comment_status":"closed","ping_status":"closed","template":"elementor_header_footer","meta":{"jnews_page_loop":[],"jnews_single_page":[],"footnotes":""},"class_list":["post-2444","page","type-page","status-publish","hentry"],"aioseo_notices":[],"aioseo_head":"\n\t\t<!-- All in One SEO Pro 4.9.6.2 - aioseo.com -->\n\t<meta name=\"description\" content=\"Publica con nosotros Conecta directo con tu audiencia ideal en el mundo del vino y la gastronom\u00eda chilena. 100% responsivo y pensado para todos los dispositivos. Opciones de visibilidad Banners adaptativosAlta visibilidad en desktop y m\u00f3vil Contenido editorialCatas, rese\u00f1as, art\u00edculos destacados Email marketingSuscriptores interesados y segmentados Social mediaPosts, stories y colaboraciones visuales Alcance y resultados\" \/>\n\t<meta name=\"robots\" content=\"max-image-preview:large\" \/>\n\t<meta name=\"google-site-verification\" content=\"FwbYXf8NSX7K5fFr17ZmyxG2GPBjQNe6D5Z26IIESJA\" \/>\n\t<meta name=\"p:domain_verify\" content=\"b1ea975e07205230074b4f8d7926d7df\" \/>\n\t<link rel=\"canonical\" href=\"https:\/\/dechilealpaladar.cl\/en\/publicar-con-nosotros\/\" \/>\n\t<meta name=\"generator\" content=\"All in One SEO Pro (AIOSEO) 4.9.6.2\" \/>\n\t\t<meta property=\"og:locale\" content=\"en_GB\" \/>\n\t\t<meta property=\"og:site_name\" content=\"De Chile al Paladar | Noticias del Vino en Chile - De Chile al Paladar celebra la cultura del vino, gastronom\u00eda y enoturismo, ofreciendo noticias, tendencias y rese\u00f1as con enfoque en el valor del patrimonio vitivin\u00edcola chileno y la sostenibilidad.\" \/>\n\t\t<meta property=\"og:type\" content=\"article\" \/>\n\t\t<meta property=\"og:title\" content=\"Publicar con nosotros | De Chile al Paladar | Noticias del Vino en Chile |\ud83c\udf77\" \/>\n\t\t<meta property=\"og:description\" content=\"Publica con nosotros Conecta directo con tu audiencia ideal en el mundo del vino y la gastronom\u00eda chilena. 100% responsivo y pensado para todos los dispositivos. Opciones de visibilidad Banners adaptativosAlta visibilidad en desktop y m\u00f3vil Contenido editorialCatas, rese\u00f1as, art\u00edculos destacados Email marketingSuscriptores interesados y segmentados Social mediaPosts, stories y colaboraciones visuales Alcance y resultados\" \/>\n\t\t<meta property=\"og:url\" content=\"https:\/\/dechilealpaladar.cl\/en\/publicar-con-nosotros\/\" \/>\n\t\t<meta property=\"article:published_time\" content=\"2025-07-18T16:57:06+00:00\" \/>\n\t\t<meta property=\"article:modified_time\" content=\"2025-08-31T15:19:22+00:00\" \/>\n\t\t<meta property=\"article:publisher\" content=\"https:\/\/facebook.com\/dechilealpaladar\" \/>\n\t\t<meta name=\"twitter:card\" content=\"summary_large_image\" \/>\n\t\t<meta name=\"twitter:title\" content=\"Publicar con nosotros | De Chile al Paladar | Noticias del Vino en Chile |\ud83c\udf77\" \/>\n\t\t<meta name=\"twitter:description\" content=\"Publica con nosotros Conecta directo con tu audiencia ideal en el mundo del vino y la gastronom\u00eda chilena. 100% responsivo y pensado para todos los dispositivos. Opciones de visibilidad Banners adaptativosAlta visibilidad en desktop y m\u00f3vil Contenido editorialCatas, rese\u00f1as, art\u00edculos destacados Email marketingSuscriptores interesados y segmentados Social mediaPosts, stories y colaboraciones visuales Alcance y resultados\" \/>\n\t\t<script type=\"application\/ld+json\" class=\"aioseo-schema\">\n\t\t\t{\"@context\":\"https:\\\/\\\/schema.org\",\"@graph\":[{\"@type\":\"BreadcrumbList\",\"@id\":\"https:\\\/\\\/dechilealpaladar.cl\\\/en\\\/publicar-con-nosotros\\\/#breadcrumblist\",\"itemListElement\":[{\"@type\":\"ListItem\",\"@id\":\"https:\\\/\\\/dechilealpaladar.cl\\\/en#listItem\",\"position\":1,\"name\":\"Home\",\"item\":\"https:\\\/\\\/dechilealpaladar.cl\\\/en\",\"nextItem\":{\"@type\":\"ListItem\",\"@id\":\"https:\\\/\\\/dechilealpaladar.cl\\\/en\\\/publicar-con-nosotros\\\/#listItem\",\"name\":\"Publicar con nosotros\"}},{\"@type\":\"ListItem\",\"@id\":\"https:\\\/\\\/dechilealpaladar.cl\\\/en\\\/publicar-con-nosotros\\\/#listItem\",\"position\":2,\"name\":\"Publicar con nosotros\",\"previousItem\":{\"@type\":\"ListItem\",\"@id\":\"https:\\\/\\\/dechilealpaladar.cl\\\/en#listItem\",\"name\":\"Home\"}}]},{\"@type\":\"Organization\",\"@id\":\"https:\\\/\\\/dechilealpaladar.cl\\\/en\\\/#organization\",\"name\":\"De Chile al Paladar\",\"description\":\"De Chile al Paladar es una plataforma dedicada a celebrar y promover la cultura del vino y la gastronom\\u00eda en Chile. Ofrecemos rese\\u00f1as de vinos, maridajes, tendencias, noticias y panoramas, destacando tanto los vinos tradicionales como los de peque\\u00f1os productores. Inspiramos a amantes del vino y la buena mesa a descubrir catas, ferias y las riquezas de la gastronom\\u00eda chilena.\",\"url\":\"https:\\\/\\\/dechilealpaladar.cl\\\/en\\\/\",\"email\":\"equipo@dechilealpaladar.cl\",\"telephone\":\"+56976152439\",\"foundingDate\":\"2025-03-01\",\"numberOfEmployees\":{\"@type\":\"QuantitativeValue\",\"minValue\":0,\"maxValue\":10},\"logo\":{\"@type\":\"ImageObject\",\"url\":\"https:\\\/\\\/dechilealpaladar.cl\\\/wp-content\\\/uploads\\\/2024\\\/11\\\/De_Chile_al_Paladar_Logo_Color-1.png\",\"@id\":\"https:\\\/\\\/dechilealpaladar.cl\\\/en\\\/publicar-con-nosotros\\\/#organizationLogo\",\"width\":310,\"height\":200,\"caption\":\"DeChileAlPaladar\"},\"image\":{\"@id\":\"https:\\\/\\\/dechilealpaladar.cl\\\/en\\\/publicar-con-nosotros\\\/#organizationLogo\"},\"sameAs\":[\"https:\\\/\\\/facebook.com\\\/dechilealpaladar\",\"https:\\\/\\\/instagram.com\\\/dechilealpaladar\",\"https:\\\/\\\/youtube.com\\\/dechilealpaladar\",\"https:\\\/\\\/linkedin.com\\\/in\\\/dechilealpaladar\"]},{\"@type\":\"WebPage\",\"@id\":\"https:\\\/\\\/dechilealpaladar.cl\\\/en\\\/publicar-con-nosotros\\\/#webpage\",\"url\":\"https:\\\/\\\/dechilealpaladar.cl\\\/en\\\/publicar-con-nosotros\\\/\",\"name\":\"Publicar con nosotros | De Chile al Paladar | Noticias del Vino en Chile |\\ud83c\\udf77\",\"description\":\"Publica con nosotros Conecta directo con tu audiencia ideal en el mundo del vino y la gastronom\\u00eda chilena. 100% responsivo y pensado para todos los dispositivos. Opciones de visibilidad Banners adaptativosAlta visibilidad en desktop y m\\u00f3vil Contenido editorialCatas, rese\\u00f1as, art\\u00edculos destacados Email marketingSuscriptores interesados y segmentados Social mediaPosts, stories y colaboraciones visuales Alcance y resultados\",\"inLanguage\":\"en-GB\",\"isPartOf\":{\"@id\":\"https:\\\/\\\/dechilealpaladar.cl\\\/en\\\/#website\"},\"breadcrumb\":{\"@id\":\"https:\\\/\\\/dechilealpaladar.cl\\\/en\\\/publicar-con-nosotros\\\/#breadcrumblist\"},\"datePublished\":\"2025-07-18T12:57:06-04:00\",\"dateModified\":\"2025-08-31T11:19:22-04:00\"},{\"@type\":\"WebSite\",\"@id\":\"https:\\\/\\\/dechilealpaladar.cl\\\/en\\\/#website\",\"url\":\"https:\\\/\\\/dechilealpaladar.cl\\\/en\\\/\",\"name\":\"De Chile al Paladar | Noticias del Vino en Chile\",\"alternateName\":\"De Chile al Paladar\",\"description\":\"De Chile al Paladar celebra la cultura del vino, gastronom\\u00eda y enoturismo, ofreciendo noticias, tendencias y rese\\u00f1as con enfoque en el valor del patrimonio vitivin\\u00edcola chileno y la sostenibilidad.\",\"inLanguage\":\"en-GB\",\"publisher\":{\"@id\":\"https:\\\/\\\/dechilealpaladar.cl\\\/en\\\/#organization\"}}]}\n\t\t<\/script>\n\t\t<!-- All in One SEO Pro -->\r\n\t\t<title>Publicar con nosotros | De Chile al Paladar | Noticias del Vino en Chile |\ud83c\udf77<\/title>\n\n","aioseo_head_json":{"title":"Publish with us | De Chile al Paladar | Chile Wine News |\ud83c\udf77","description":"Publish with us Connect directly with your ideal audience in the world of Chilean wine and gastronomy. 100% responsive and designed for all devices. Visibility options Adaptive bannersHigh desktop and mobile visibility Editorial contentTastings, reviews, featured articles Email marketingInterested and segmented subscribers Social mediaPosts, stories and visual collaborations Reach and results","canonical_url":"https:\/\/dechilealpaladar.cl\/en\/publicar-con-nosotros\/","robots":"max-image-preview:large","keywords":"","webmasterTools":{"google-site-verification":"FwbYXf8NSX7K5fFr17ZmyxG2GPBjQNe6D5Z26IIESJA","p:domain_verify":"b1ea975e07205230074b4f8d7926d7df","miscellaneous":""},"schema":{"@context":"https:\/\/schema.org","@graph":[{"@type":"BreadcrumbList","@id":"https:\/\/dechilealpaladar.cl\/en\/publicar-con-nosotros\/#breadcrumblist","itemListElement":[{"@type":"ListItem","@id":"https:\/\/dechilealpaladar.cl\/en#listItem","position":1,"name":"Home","item":"https:\/\/dechilealpaladar.cl\/en","nextItem":{"@type":"ListItem","@id":"https:\/\/dechilealpaladar.cl\/en\/publicar-con-nosotros\/#listItem","name":"Publicar con nosotros"}},{"@type":"ListItem","@id":"https:\/\/dechilealpaladar.cl\/en\/publicar-con-nosotros\/#listItem","position":2,"name":"Publicar con nosotros","previousItem":{"@type":"ListItem","@id":"https:\/\/dechilealpaladar.cl\/en#listItem","name":"Home"}}]},{"@type":"Organization","@id":"https:\/\/dechilealpaladar.cl\/en\/#organization","name":"De Chile al Paladar","description":"De Chile al Paladar es una plataforma dedicada a celebrar y promover la cultura del vino y la gastronom\u00eda en Chile. Ofrecemos rese\u00f1as de vinos, maridajes, tendencias, noticias y panoramas, destacando tanto los vinos tradicionales como los de peque\u00f1os productores. Inspiramos a amantes del vino y la buena mesa a descubrir catas, ferias y las riquezas de la gastronom\u00eda chilena.","url":"https:\/\/dechilealpaladar.cl\/en\/","email":"equipo@dechilealpaladar.cl","telephone":"+56976152439","foundingDate":"2025-03-01","numberOfEmployees":{"@type":"QuantitativeValue","minValue":0,"maxValue":10},"logo":{"@type":"ImageObject","url":"https:\/\/dechilealpaladar.cl\/wp-content\/uploads\/2024\/11\/De_Chile_al_Paladar_Logo_Color-1.png","@id":"https:\/\/dechilealpaladar.cl\/en\/publicar-con-nosotros\/#organizationLogo","width":310,"height":200,"caption":"DeChileAlPaladar"},"image":{"@id":"https:\/\/dechilealpaladar.cl\/en\/publicar-con-nosotros\/#organizationLogo"},"sameAs":["https:\/\/facebook.com\/dechilealpaladar","https:\/\/instagram.com\/dechilealpaladar","https:\/\/youtube.com\/dechilealpaladar","https:\/\/linkedin.com\/in\/dechilealpaladar"]},{"@type":"WebPage","@id":"https:\/\/dechilealpaladar.cl\/en\/publicar-con-nosotros\/#webpage","url":"https:\/\/dechilealpaladar.cl\/en\/publicar-con-nosotros\/","name":"Publicar con nosotros | De Chile al Paladar | Noticias del Vino en Chile |\ud83c\udf77","description":"Publica con nosotros Conecta directo con tu audiencia ideal en el mundo del vino y la gastronom\u00eda chilena. 100% responsivo y pensado para todos los dispositivos. Opciones de visibilidad Banners adaptativosAlta visibilidad en desktop y m\u00f3vil Contenido editorialCatas, rese\u00f1as, art\u00edculos destacados Email marketingSuscriptores interesados y segmentados Social mediaPosts, stories y colaboraciones visuales Alcance y resultados","inLanguage":"en-GB","isPartOf":{"@id":"https:\/\/dechilealpaladar.cl\/en\/#website"},"breadcrumb":{"@id":"https:\/\/dechilealpaladar.cl\/en\/publicar-con-nosotros\/#breadcrumblist"},"datePublished":"2025-07-18T12:57:06-04:00","dateModified":"2025-08-31T11:19:22-04:00"},{"@type":"WebSite","@id":"https:\/\/dechilealpaladar.cl\/en\/#website","url":"https:\/\/dechilealpaladar.cl\/en\/","name":"De Chile al Paladar | Noticias del Vino en Chile","alternateName":"De Chile al Paladar","description":"De Chile al Paladar celebra la cultura del vino, gastronom\u00eda y enoturismo, ofreciendo noticias, tendencias y rese\u00f1as con enfoque en el valor del patrimonio vitivin\u00edcola chileno y la sostenibilidad.","inLanguage":"en-GB","publisher":{"@id":"https:\/\/dechilealpaladar.cl\/en\/#organization"}}]},"og:locale":"en_GB","og:site_name":"De Chile al Paladar | Noticias del Vino en Chile - De Chile al Paladar celebra la cultura del vino, gastronom\u00eda y enoturismo, ofreciendo noticias, tendencias y rese\u00f1as con enfoque en el valor del patrimonio vitivin\u00edcola chileno y la sostenibilidad.","og:type":"article","og:title":"Publicar con nosotros | De Chile al Paladar | Noticias del Vino en Chile |\ud83c\udf77","og:description":"Publica con nosotros Conecta directo con tu audiencia ideal en el mundo del vino y la gastronom\u00eda chilena. 100% responsivo y pensado para todos los dispositivos. Opciones de visibilidad Banners adaptativosAlta visibilidad en desktop y m\u00f3vil Contenido editorialCatas, rese\u00f1as, art\u00edculos destacados Email marketingSuscriptores interesados y segmentados Social mediaPosts, stories y colaboraciones visuales Alcance y resultados","og:url":"https:\/\/dechilealpaladar.cl\/en\/publicar-con-nosotros\/","article:published_time":"2025-07-18T16:57:06+00:00","article:modified_time":"2025-08-31T15:19:22+00:00","article:publisher":"https:\/\/facebook.com\/dechilealpaladar","twitter:card":"summary_large_image","twitter:title":"Publicar con nosotros | De Chile al Paladar | Noticias del Vino en Chile |\ud83c\udf77","twitter:description":"Publica con nosotros Conecta directo con tu audiencia ideal en el mundo del vino y la gastronom\u00eda chilena. 100% responsivo y pensado para todos los dispositivos. Opciones de visibilidad Banners adaptativosAlta visibilidad en desktop y m\u00f3vil Contenido editorialCatas, rese\u00f1as, art\u00edculos destacados Email marketingSuscriptores interesados y segmentados Social mediaPosts, stories y colaboraciones visuales Alcance y resultados"},"aioseo_meta_data":{"post_id":"2444","title":null,"description":null,"keywords":null,"keyphrases":{"focus":{"keyphrase":"","score":0,"analysis":{"keyphraseInTitle":{"score":0,"maxScore":9,"error":1}}},"additional":[]},"primary_term":null,"canonical_url":null,"og_title":null,"og_description":null,"og_object_type":"default","og_image_type":"default","og_image_url":null,"og_image_width":null,"og_image_height":null,"og_image_custom_url":null,"og_image_custom_fields":null,"og_video":"","og_custom_url":null,"og_article_section":null,"og_article_tags":null,"twitter_use_og":false,"twitter_card":"default","twitter_image_type":"default","twitter_image_url":null,"twitter_image_custom_url":null,"twitter_image_custom_fields":null,"twitter_title":null,"twitter_description":null,"schema":{"blockGraphs":[],"customGraphs":[],"default":{"data":{"Article":[],"Course":[],"Dataset":[],"FAQPage":[],"Movie":[],"Person":[],"Product":[],"ProductReview":[],"Car":[],"Recipe":[],"Service":[],"SoftwareApplication":[],"WebPage":[]},"graphName":"WebPage","isEnabled":true},"graphs":[]},"schema_type":"default","schema_type_options":null,"pillar_content":false,"robots_default":true,"robots_noindex":false,"robots_noarchive":false,"robots_nosnippet":false,"robots_nofollow":false,"robots_noimageindex":false,"robots_noodp":false,"robots_notranslate":false,"robots_max_snippet":"-1","robots_max_videopreview":"-1","robots_max_imagepreview":"large","priority":null,"frequency":"default","local_seo":null,"seo_analyzer_scan_date":"2025-08-31 15:20:45","breadcrumb_settings":null,"limit_modified_date":false,"reviewed_by":"0","open_ai":null,"ai":{"faqs":[],"keyPoints":[],"titles":[],"descriptions":[],"socialPosts":{"email":[],"linkedin":[],"twitter":[],"facebook":[],"instagram":[]}},"created":"2025-07-18 16:57:06","updated":"2025-11-13 18:36:29"},"aioseo_breadcrumb":"<div class=\"aioseo-breadcrumbs\"><span class=\"aioseo-breadcrumb\">\n\t<a href=\"https:\/\/dechilealpaladar.cl\/en\" title=\"Home\">Home<\/a>\n<\/span><span class=\"aioseo-breadcrumb-separator\">\u00bb<\/span><span class=\"aioseo-breadcrumb\">\n\tPublicar con nosotros\n<\/span><\/div>","aioseo_breadcrumb_json":[{"label":"Home","link":"https:\/\/dechilealpaladar.cl\/en"},{"label":"Publicar con nosotros","link":"https:\/\/dechilealpaladar.cl\/en\/publicar-con-nosotros\/"}],"_links":{"self":[{"href":"https:\/\/dechilealpaladar.cl\/en\/wp-json\/wp\/v2\/pages\/2444","targetHints":{"allow":["GET"]}}],"collection":[{"href":"https:\/\/dechilealpaladar.cl\/en\/wp-json\/wp\/v2\/pages"}],"about":[{"href":"https:\/\/dechilealpaladar.cl\/en\/wp-json\/wp\/v2\/types\/page"}],"author":[{"embeddable":true,"href":"https:\/\/dechilealpaladar.cl\/en\/wp-json\/wp\/v2\/users\/1"}],"replies":[{"embeddable":true,"href":"https:\/\/dechilealpaladar.cl\/en\/wp-json\/wp\/v2\/comments?post=2444"}],"version-history":[{"count":43,"href":"https:\/\/dechilealpaladar.cl\/en\/wp-json\/wp\/v2\/pages\/2444\/revisions"}],"predecessor-version":[{"id":3707,"href":"https:\/\/dechilealpaladar.cl\/en\/wp-json\/wp\/v2\/pages\/2444\/revisions\/3707"}],"wp:attachment":[{"href":"https:\/\/dechilealpaladar.cl\/en\/wp-json\/wp\/v2\/media?parent=2444"}],"curies":[{"name":"wp","href":"https:\/\/api.w.org\/{rel}","templated":true}]}}