{"id":5052,"date":"2026-03-01T16:46:50","date_gmt":"2026-03-01T19:46:50","guid":{"rendered":"https:\/\/dechilealpaladar.cl\/?page_id=5052"},"modified":"2026-03-01T16:56:06","modified_gmt":"2026-03-01T19:56:06","slug":"disclaimer","status":"publish","type":"page","link":"https:\/\/dechilealpaladar.cl\/en\/disclaimer\/","title":{"rendered":"Disclaimer"},"content":{"rendered":"<div data-elementor-type=\"wp-page\" data-elementor-id=\"5052\" class=\"elementor elementor-5052\" data-elementor-post-type=\"page\">\n\t\t\t\t<div class=\"elementor-element elementor-element-f9061d5 e-flex e-con-boxed e-con e-parent\" data-id=\"f9061d5\" data-element_type=\"container\" data-e-type=\"container\">\n\t\t\t\t\t<div class=\"e-con-inner\">\n\t\t\t\t<div class=\"elementor-element elementor-element-c3d5ee9 elementor-widget elementor-widget-html\" data-id=\"c3d5ee9\" data-element_type=\"widget\" data-e-type=\"widget\" data-widget_type=\"html.default\">\n\t\t\t\t<div class=\"elementor-widget-container\">\n\t\t\t\t\t<!-- =========================\nPAGE: Disclaimer (Editorial + Events\/Prices + Not advice)\nSlug suggestion: \/disclaimer\/ (or \/descargo-de-responsabilidad\/)\n========================= -->\n\n<section class=\"legal-page legal-disclaimer\" lang=\"es\">\n  <style>\n    .legal-page{max-width:920px;margin:40px auto;padding:0 18px;font-family:system-ui,-apple-system,Segoe UI,Roboto,Arial,sans-serif;line-height:1.65;color:#1a1a1a}\n    .legal-page h1{font-size:2rem;line-height:1.2;margin:0 0 10px}\n    .legal-page h2{font-size:1.25rem;margin:28px 0 10px}\n    .legal-page p{margin:10px 0}\n    .legal-page ul{margin:10px 0 10px 18px}\n    .legal-page a{color:#A82F5E;text-decoration:none}\n    .legal-page a:hover{text-decoration:underline}\n    .legal-meta{font-size:.95rem;color:#444;margin:0 0 22px}\n    .legal-note{background:#faf7f8;border:1px solid rgba(168,47,94,.18);padding:14px 14px;border-radius:10px;margin:18px 0}\n    .legal-hr{height:1px;background:#eee;border:0;margin:26px 0}\n  <\/style>\n\n  <h1>Disclaimer \/ Descargo de Responsabilidad<\/h1>\n  <p class=\"legal-meta\"><strong>\u00daltima actualizaci\u00f3n:<\/strong> <span>01\/03\/2026<\/span><\/p>\n\n  <div class=\"legal-note\">\n    <p>Este Sitio ofrece contenido editorial e informativo. Al utilizarlo, aceptas este descargo.<\/p>\n  <\/div>\n\n  <h2>1. Contenido editorial y opiniones<\/h2>\n  <p>Las rese\u00f1as, notas y recomendaciones reflejan criterios editoriales y\/o opiniones personales. El gusto es subjetivo y puede variar entre personas.<\/p>\n\n  <h2>2. Exactitud, precios y disponibilidad<\/h2>\n  <p>Intentamos mantener la informaci\u00f3n actualizada, pero no garantizamos que precios, disponibilidad de productos, horarios o condiciones (por ejemplo, de eventos o experiencias) se mantengan sin cambios. Verifica siempre con la fuente oficial (vi\u00f1a, restaurante, organizador o ticketera).<\/p>\n\n  <h2>3. Eventos, panoramas y turismo<\/h2>\n  <p>No somos responsables por cancelaciones, cambios de programaci\u00f3n, condiciones clim\u00e1ticas, cierres o situaciones ajenas al Sitio. La asistencia a eventos o actividades es decisi\u00f3n del usuario.<\/p>\n\n  <h2>4. Salud, alcohol y consumo responsable<\/h2>\n  <p>Los contenidos sobre vino y destilados son informativos y culturales. No promovemos consumo irresponsable. Si consumes alcohol, hazlo con moderaci\u00f3n y cumpliendo la legislaci\u00f3n local. Este Sitio no entrega asesor\u00eda m\u00e9dica ni profesional.<\/p>\n\n  <h2>5. Enlaces externos<\/h2>\n  <p>Podemos enlazar a sitios de terceros. No controlamos su contenido ni sus pol\u00edticas. El acceso y uso de enlaces externos es responsabilidad del usuario.<\/p>\n\n  <h2>6. Contacto<\/h2>\n  <p>Si detectas un error relevante o necesitas aclaraci\u00f3n, escr\u00edbenos a <a href=\"mailto:equipo@dechilealpaladar.cl\">equipo@dechilealpaladar.cl<\/a>.<\/p>\n\n  <hr class=\"legal-hr\" \/>\n  <p class=\"legal-meta\">Contacto: <a href=\"mailto:equipo@dechilealpaladar.cl\">equipo@dechilealpaladar.cl<\/a><\/p>\n<\/section>\t\t\t\t<\/div>\n\t\t\t\t<\/div>\n\t\t\t\t\t<\/div>\n\t\t\t\t<\/div>\n\t\t\t\t<\/div>","protected":false},"excerpt":{"rendered":"<p>Disclaimer \/ Descargo de Responsabilidad \u00daltima actualizaci\u00f3n: 01\/03\/2026 Este Sitio ofrece contenido editorial e informativo. Al utilizarlo, aceptas este descargo. 1. Contenido editorial y opiniones Las rese\u00f1as, notas y recomendaciones reflejan criterios editoriales y\/o opiniones personales. El gusto es subjetivo y puede variar entre personas. 2. Exactitud, precios y disponibilidad Intentamos mantener la informaci\u00f3n actualizada, [&hellip;]<\/p>\n","protected":false},"author":1,"featured_media":0,"parent":0,"menu_order":0,"comment_status":"closed","ping_status":"closed","template":"elementor_header_footer","meta":{"jnews_page_loop":{"first_title":"Latest Post","header_type":"heading_6","layout":"right-sidebar","sidebar":"default-sidebar","second_sidebar":"default-sidebar","sticky_sidebar":"1","module":"3","main_custom_image_size":"default","second_custom_image_size":"default","excerpt_length":"20","content_date":"default","date_custom":"Y\/m\/d","content_pagination":"nav_1","pagination_align":"center","post_sticky":"0","post_offset":"0","posts_per_page":"5","sort_by":"latest"},"jnews_single_page":{"layout":"no-sidebar","sidebar":"default-sidebar","second_sidebar":"default-sidebar","sticky_sidebar":"1","show_post_title":"1","show_post_breadcrumbs":"1","show_post_featured":"1","share_position":"top","share_color":"share-monocrhome"},"footnotes":""},"class_list":["post-5052","page","type-page","status-publish","hentry"],"aioseo_notices":[],"aioseo_head":"\n\t\t<!-- All in One SEO Pro 4.9.5.2 - aioseo.com -->\n\t<meta name=\"description\" content=\"Disclaimer \/ Descargo de Responsabilidad \u00daltima actualizaci\u00f3n: 01\/03\/2026 Este Sitio ofrece contenido editorial e informativo. Al utilizarlo, aceptas este descargo. 1. Contenido editorial y opiniones Las rese\u00f1as, notas y recomendaciones reflejan criterios editoriales y\/o opiniones personales. El gusto es subjetivo y puede variar entre personas. 2. Exactitud, precios y disponibilidad Intentamos mantener la informaci\u00f3n actualizada,\" \/>\n\t<meta name=\"robots\" content=\"max-image-preview:large\" \/>\n\t<meta name=\"google-site-verification\" content=\"FwbYXf8NSX7K5fFr17ZmyxG2GPBjQNe6D5Z26IIESJA\" \/>\n\t<meta name=\"p:domain_verify\" content=\"b1ea975e07205230074b4f8d7926d7df\" \/>\n\t<link rel=\"canonical\" href=\"https:\/\/dechilealpaladar.cl\/en\/disclaimer\/\" \/>\n\t<meta name=\"generator\" content=\"All in One SEO Pro (AIOSEO) 4.9.5.2\" \/>\n\t\t<meta property=\"og:locale\" content=\"en_GB\" \/>\n\t\t<meta property=\"og:site_name\" content=\"De Chile al Paladar | Noticias del Vino en Chile - De Chile al Paladar celebra la cultura del vino, gastronom\u00eda y enoturismo, ofreciendo noticias, tendencias y rese\u00f1as con enfoque en el valor del patrimonio vitivin\u00edcola chileno y la sostenibilidad.\" \/>\n\t\t<meta property=\"og:type\" content=\"article\" \/>\n\t\t<meta property=\"og:title\" content=\"Disclaimer | De Chile al Paladar | Noticias del Vino en Chile |\ud83c\udf77\" \/>\n\t\t<meta property=\"og:description\" content=\"Disclaimer \/ Descargo de Responsabilidad \u00daltima actualizaci\u00f3n: 01\/03\/2026 Este Sitio ofrece contenido editorial e informativo. Al utilizarlo, aceptas este descargo. 1. Contenido editorial y opiniones Las rese\u00f1as, notas y recomendaciones reflejan criterios editoriales y\/o opiniones personales. El gusto es subjetivo y puede variar entre personas. 2. Exactitud, precios y disponibilidad Intentamos mantener la informaci\u00f3n actualizada,\" \/>\n\t\t<meta property=\"og:url\" content=\"https:\/\/dechilealpaladar.cl\/en\/disclaimer\/\" \/>\n\t\t<meta property=\"article:published_time\" content=\"2026-03-01T19:46:50+00:00\" \/>\n\t\t<meta property=\"article:modified_time\" content=\"2026-03-01T19:56:06+00:00\" \/>\n\t\t<meta property=\"article:publisher\" content=\"https:\/\/facebook.com\/dechilealpaladar\" \/>\n\t\t<meta name=\"twitter:card\" content=\"summary_large_image\" \/>\n\t\t<meta name=\"twitter:title\" content=\"Disclaimer | De Chile al Paladar | Noticias del Vino en Chile |\ud83c\udf77\" \/>\n\t\t<meta name=\"twitter:description\" content=\"Disclaimer \/ Descargo de Responsabilidad \u00daltima actualizaci\u00f3n: 01\/03\/2026 Este Sitio ofrece contenido editorial e informativo. Al utilizarlo, aceptas este descargo. 1. Contenido editorial y opiniones Las rese\u00f1as, notas y recomendaciones reflejan criterios editoriales y\/o opiniones personales. El gusto es subjetivo y puede variar entre personas. 2. Exactitud, precios y disponibilidad Intentamos mantener la informaci\u00f3n actualizada,\" \/>\n\t\t<script type=\"application\/ld+json\" class=\"aioseo-schema\">\n\t\t\t{\"@context\":\"https:\\\/\\\/schema.org\",\"@graph\":[{\"@type\":\"BreadcrumbList\",\"@id\":\"https:\\\/\\\/dechilealpaladar.cl\\\/en\\\/disclaimer\\\/#breadcrumblist\",\"itemListElement\":[{\"@type\":\"ListItem\",\"@id\":\"https:\\\/\\\/dechilealpaladar.cl\\\/en#listItem\",\"position\":1,\"name\":\"Home\",\"item\":\"https:\\\/\\\/dechilealpaladar.cl\\\/en\",\"nextItem\":{\"@type\":\"ListItem\",\"@id\":\"https:\\\/\\\/dechilealpaladar.cl\\\/en\\\/disclaimer\\\/#listItem\",\"name\":\"Disclaimer\"}},{\"@type\":\"ListItem\",\"@id\":\"https:\\\/\\\/dechilealpaladar.cl\\\/en\\\/disclaimer\\\/#listItem\",\"position\":2,\"name\":\"Disclaimer\",\"previousItem\":{\"@type\":\"ListItem\",\"@id\":\"https:\\\/\\\/dechilealpaladar.cl\\\/en#listItem\",\"name\":\"Home\"}}]},{\"@type\":\"Organization\",\"@id\":\"https:\\\/\\\/dechilealpaladar.cl\\\/en\\\/#organization\",\"name\":\"De Chile al Paladar\",\"description\":\"De Chile al Paladar es una plataforma dedicada a celebrar y promover la cultura del vino y la gastronom\\u00eda en Chile. Ofrecemos rese\\u00f1as de vinos, maridajes, tendencias, noticias y panoramas, destacando tanto los vinos tradicionales como los de peque\\u00f1os productores. Inspiramos a amantes del vino y la buena mesa a descubrir catas, ferias y las riquezas de la gastronom\\u00eda chilena.\",\"url\":\"https:\\\/\\\/dechilealpaladar.cl\\\/en\\\/\",\"email\":\"equipo@dechilealpaladar.cl\",\"telephone\":\"+56976152439\",\"foundingDate\":\"2025-03-01\",\"numberOfEmployees\":{\"@type\":\"QuantitativeValue\",\"minValue\":0,\"maxValue\":10},\"logo\":{\"@type\":\"ImageObject\",\"url\":\"https:\\\/\\\/dechilealpaladar.cl\\\/wp-content\\\/uploads\\\/2024\\\/11\\\/De_Chile_al_Paladar_Logo_Color-1.png\",\"@id\":\"https:\\\/\\\/dechilealpaladar.cl\\\/en\\\/disclaimer\\\/#organizationLogo\",\"width\":310,\"height\":200,\"caption\":\"DeChileAlPaladar\"},\"image\":{\"@id\":\"https:\\\/\\\/dechilealpaladar.cl\\\/en\\\/disclaimer\\\/#organizationLogo\"},\"sameAs\":[\"https:\\\/\\\/facebook.com\\\/dechilealpaladar\",\"https:\\\/\\\/instagram.com\\\/dechilealpaladar\",\"https:\\\/\\\/youtube.com\\\/dechilealpaladar\",\"https:\\\/\\\/linkedin.com\\\/in\\\/dechilealpaladar\"]},{\"@type\":\"WebPage\",\"@id\":\"https:\\\/\\\/dechilealpaladar.cl\\\/en\\\/disclaimer\\\/#webpage\",\"url\":\"https:\\\/\\\/dechilealpaladar.cl\\\/en\\\/disclaimer\\\/\",\"name\":\"Disclaimer | De Chile al Paladar | Noticias del Vino en Chile |\\ud83c\\udf77\",\"description\":\"Disclaimer \\\/ Descargo de Responsabilidad \\u00daltima actualizaci\\u00f3n: 01\\\/03\\\/2026 Este Sitio ofrece contenido editorial e informativo. Al utilizarlo, aceptas este descargo. 1. Contenido editorial y opiniones Las rese\\u00f1as, notas y recomendaciones reflejan criterios editoriales y\\\/o opiniones personales. El gusto es subjetivo y puede variar entre personas. 2. Exactitud, precios y disponibilidad Intentamos mantener la informaci\\u00f3n actualizada,\",\"inLanguage\":\"en-GB\",\"isPartOf\":{\"@id\":\"https:\\\/\\\/dechilealpaladar.cl\\\/en\\\/#website\"},\"breadcrumb\":{\"@id\":\"https:\\\/\\\/dechilealpaladar.cl\\\/en\\\/disclaimer\\\/#breadcrumblist\"},\"datePublished\":\"2026-03-01T16:46:50-03:00\",\"dateModified\":\"2026-03-01T16:56:06-03:00\"},{\"@type\":\"WebSite\",\"@id\":\"https:\\\/\\\/dechilealpaladar.cl\\\/en\\\/#website\",\"url\":\"https:\\\/\\\/dechilealpaladar.cl\\\/en\\\/\",\"name\":\"De Chile al Paladar | Noticias del Vino en Chile\",\"alternateName\":\"De Chile al Paladar\",\"description\":\"De Chile al Paladar celebra la cultura del vino, gastronom\\u00eda y enoturismo, ofreciendo noticias, tendencias y rese\\u00f1as con enfoque en el valor del patrimonio vitivin\\u00edcola chileno y la sostenibilidad.\",\"inLanguage\":\"en-GB\",\"publisher\":{\"@id\":\"https:\\\/\\\/dechilealpaladar.cl\\\/en\\\/#organization\"}}]}\n\t\t<\/script>\n\t\t<!-- All in One SEO Pro -->\r\n\t\t<title>Disclaimer | De Chile al Paladar | Noticias del Vino en Chile |\ud83c\udf77<\/title>\n\n","aioseo_head_json":{"title":"Disclaimer | De Chile al Paladar | Noticias del Vino en Chile |\ud83c\udf77","description":"Disclaimer \/ Descargo de Responsabilidad \u00daltima actualizaci\u00f3n: 01\/03\/2026 Este Sitio ofrece contenido editorial e informativo. Al utilizarlo, aceptas este descargo. 1. Contenido editorial y opiniones Las rese\u00f1as, notas y recomendaciones reflejan criterios editoriales y\/o opiniones personales. El gusto es subjetivo y puede variar entre personas. 2. Exactitud, precios y disponibilidad Intentamos mantener la informaci\u00f3n actualizada,","canonical_url":"https:\/\/dechilealpaladar.cl\/en\/disclaimer\/","robots":"max-image-preview:large","keywords":"","webmasterTools":{"google-site-verification":"FwbYXf8NSX7K5fFr17ZmyxG2GPBjQNe6D5Z26IIESJA","p:domain_verify":"b1ea975e07205230074b4f8d7926d7df","miscellaneous":""},"schema":{"@context":"https:\/\/schema.org","@graph":[{"@type":"BreadcrumbList","@id":"https:\/\/dechilealpaladar.cl\/en\/disclaimer\/#breadcrumblist","itemListElement":[{"@type":"ListItem","@id":"https:\/\/dechilealpaladar.cl\/en#listItem","position":1,"name":"Home","item":"https:\/\/dechilealpaladar.cl\/en","nextItem":{"@type":"ListItem","@id":"https:\/\/dechilealpaladar.cl\/en\/disclaimer\/#listItem","name":"Disclaimer"}},{"@type":"ListItem","@id":"https:\/\/dechilealpaladar.cl\/en\/disclaimer\/#listItem","position":2,"name":"Disclaimer","previousItem":{"@type":"ListItem","@id":"https:\/\/dechilealpaladar.cl\/en#listItem","name":"Home"}}]},{"@type":"Organization","@id":"https:\/\/dechilealpaladar.cl\/en\/#organization","name":"De Chile al Paladar","description":"De Chile al Paladar es una plataforma dedicada a celebrar y promover la cultura del vino y la gastronom\u00eda en Chile. Ofrecemos rese\u00f1as de vinos, maridajes, tendencias, noticias y panoramas, destacando tanto los vinos tradicionales como los de peque\u00f1os productores. Inspiramos a amantes del vino y la buena mesa a descubrir catas, ferias y las riquezas de la gastronom\u00eda chilena.","url":"https:\/\/dechilealpaladar.cl\/en\/","email":"equipo@dechilealpaladar.cl","telephone":"+56976152439","foundingDate":"2025-03-01","numberOfEmployees":{"@type":"QuantitativeValue","minValue":0,"maxValue":10},"logo":{"@type":"ImageObject","url":"https:\/\/dechilealpaladar.cl\/wp-content\/uploads\/2024\/11\/De_Chile_al_Paladar_Logo_Color-1.png","@id":"https:\/\/dechilealpaladar.cl\/en\/disclaimer\/#organizationLogo","width":310,"height":200,"caption":"DeChileAlPaladar"},"image":{"@id":"https:\/\/dechilealpaladar.cl\/en\/disclaimer\/#organizationLogo"},"sameAs":["https:\/\/facebook.com\/dechilealpaladar","https:\/\/instagram.com\/dechilealpaladar","https:\/\/youtube.com\/dechilealpaladar","https:\/\/linkedin.com\/in\/dechilealpaladar"]},{"@type":"WebPage","@id":"https:\/\/dechilealpaladar.cl\/en\/disclaimer\/#webpage","url":"https:\/\/dechilealpaladar.cl\/en\/disclaimer\/","name":"Disclaimer | De Chile al Paladar | Noticias del Vino en Chile |\ud83c\udf77","description":"Disclaimer \/ Descargo de Responsabilidad \u00daltima actualizaci\u00f3n: 01\/03\/2026 Este Sitio ofrece contenido editorial e informativo. Al utilizarlo, aceptas este descargo. 1. Contenido editorial y opiniones Las rese\u00f1as, notas y recomendaciones reflejan criterios editoriales y\/o opiniones personales. El gusto es subjetivo y puede variar entre personas. 2. Exactitud, precios y disponibilidad Intentamos mantener la informaci\u00f3n actualizada,","inLanguage":"en-GB","isPartOf":{"@id":"https:\/\/dechilealpaladar.cl\/en\/#website"},"breadcrumb":{"@id":"https:\/\/dechilealpaladar.cl\/en\/disclaimer\/#breadcrumblist"},"datePublished":"2026-03-01T16:46:50-03:00","dateModified":"2026-03-01T16:56:06-03:00"},{"@type":"WebSite","@id":"https:\/\/dechilealpaladar.cl\/en\/#website","url":"https:\/\/dechilealpaladar.cl\/en\/","name":"De Chile al Paladar | Noticias del Vino en Chile","alternateName":"De Chile al Paladar","description":"De Chile al Paladar celebra la cultura del vino, gastronom\u00eda y enoturismo, ofreciendo noticias, tendencias y rese\u00f1as con enfoque en el valor del patrimonio vitivin\u00edcola chileno y la sostenibilidad.","inLanguage":"en-GB","publisher":{"@id":"https:\/\/dechilealpaladar.cl\/en\/#organization"}}]},"og:locale":"en_GB","og:site_name":"De Chile al Paladar | Noticias del Vino en Chile - De Chile al Paladar celebra la cultura del vino, gastronom\u00eda y enoturismo, ofreciendo noticias, tendencias y rese\u00f1as con enfoque en el valor del patrimonio vitivin\u00edcola chileno y la sostenibilidad.","og:type":"article","og:title":"Disclaimer | De Chile al Paladar | Noticias del Vino en Chile |\ud83c\udf77","og:description":"Disclaimer \/ Descargo de Responsabilidad \u00daltima actualizaci\u00f3n: 01\/03\/2026 Este Sitio ofrece contenido editorial e informativo. Al utilizarlo, aceptas este descargo. 1. Contenido editorial y opiniones Las rese\u00f1as, notas y recomendaciones reflejan criterios editoriales y\/o opiniones personales. El gusto es subjetivo y puede variar entre personas. 2. Exactitud, precios y disponibilidad Intentamos mantener la informaci\u00f3n actualizada,","og:url":"https:\/\/dechilealpaladar.cl\/en\/disclaimer\/","article:published_time":"2026-03-01T19:46:50+00:00","article:modified_time":"2026-03-01T19:56:06+00:00","article:publisher":"https:\/\/facebook.com\/dechilealpaladar","twitter:card":"summary_large_image","twitter:title":"Disclaimer | De Chile al Paladar | Noticias del Vino en Chile |\ud83c\udf77","twitter:description":"Disclaimer \/ Descargo de Responsabilidad \u00daltima actualizaci\u00f3n: 01\/03\/2026 Este Sitio ofrece contenido editorial e informativo. Al utilizarlo, aceptas este descargo. 1. Contenido editorial y opiniones Las rese\u00f1as, notas y recomendaciones reflejan criterios editoriales y\/o opiniones personales. El gusto es subjetivo y puede variar entre personas. 2. Exactitud, precios y disponibilidad Intentamos mantener la informaci\u00f3n actualizada,"},"aioseo_meta_data":{"post_id":"5052","title":null,"description":null,"keywords":null,"keyphrases":{"focus":{"keyphrase":"","score":0,"analysis":{"keyphraseInTitle":{"score":0,"maxScore":9,"error":1}}},"additional":[]},"primary_term":null,"canonical_url":null,"og_title":null,"og_description":null,"og_object_type":"default","og_image_type":"default","og_image_url":null,"og_image_width":null,"og_image_height":null,"og_image_custom_url":null,"og_image_custom_fields":null,"og_video":"","og_custom_url":null,"og_article_section":null,"og_article_tags":null,"twitter_use_og":false,"twitter_card":"default","twitter_image_type":"default","twitter_image_url":null,"twitter_image_custom_url":null,"twitter_image_custom_fields":null,"twitter_title":null,"twitter_description":null,"schema":{"blockGraphs":[],"customGraphs":[],"default":{"data":{"Article":[],"Course":[],"Dataset":[],"FAQPage":[],"Movie":[],"Person":[],"Product":[],"ProductReview":[],"Car":[],"Recipe":[],"Service":[],"SoftwareApplication":[],"WebPage":[]},"graphName":"WebPage","isEnabled":true},"graphs":[]},"schema_type":"default","schema_type_options":null,"pillar_content":false,"robots_default":true,"robots_noindex":false,"robots_noarchive":false,"robots_nosnippet":false,"robots_nofollow":false,"robots_noimageindex":false,"robots_noodp":false,"robots_notranslate":false,"robots_max_snippet":"-1","robots_max_videopreview":"-1","robots_max_imagepreview":"large","priority":null,"frequency":"default","local_seo":null,"seo_analyzer_scan_date":"2026-03-01 20:14:55","breadcrumb_settings":null,"limit_modified_date":false,"reviewed_by":"0","open_ai":null,"ai":{"faqs":[],"keyPoints":[],"titles":[],"descriptions":[],"socialPosts":{"email":[],"linkedin":[],"twitter":[],"facebook":[],"instagram":[]}},"created":"2026-03-01 19:46:31","updated":"2026-03-01 20:29:02"},"aioseo_breadcrumb":"<div class=\"aioseo-breadcrumbs\"><span class=\"aioseo-breadcrumb\">\n\t<a href=\"https:\/\/dechilealpaladar.cl\/en\" title=\"Home\">Home<\/a>\n<\/span><span class=\"aioseo-breadcrumb-separator\">\u00bb<\/span><span class=\"aioseo-breadcrumb\">\n\tDisclaimer\n<\/span><\/div>","aioseo_breadcrumb_json":[{"label":"Home","link":"https:\/\/dechilealpaladar.cl\/en"},{"label":"Disclaimer","link":"https:\/\/dechilealpaladar.cl\/en\/disclaimer\/"}],"_links":{"self":[{"href":"https:\/\/dechilealpaladar.cl\/en\/wp-json\/wp\/v2\/pages\/5052","targetHints":{"allow":["GET"]}}],"collection":[{"href":"https:\/\/dechilealpaladar.cl\/en\/wp-json\/wp\/v2\/pages"}],"about":[{"href":"https:\/\/dechilealpaladar.cl\/en\/wp-json\/wp\/v2\/types\/page"}],"author":[{"embeddable":true,"href":"https:\/\/dechilealpaladar.cl\/en\/wp-json\/wp\/v2\/users\/1"}],"replies":[{"embeddable":true,"href":"https:\/\/dechilealpaladar.cl\/en\/wp-json\/wp\/v2\/comments?post=5052"}],"version-history":[{"count":7,"href":"https:\/\/dechilealpaladar.cl\/en\/wp-json\/wp\/v2\/pages\/5052\/revisions"}],"predecessor-version":[{"id":5074,"href":"https:\/\/dechilealpaladar.cl\/en\/wp-json\/wp\/v2\/pages\/5052\/revisions\/5074"}],"wp:attachment":[{"href":"https:\/\/dechilealpaladar.cl\/en\/wp-json\/wp\/v2\/media?parent=5052"}],"curies":[{"name":"wp","href":"https:\/\/api.w.org\/{rel}","templated":true}]}}