{"id":5057,"date":"2026-03-01T16:49:26","date_gmt":"2026-03-01T19:49:26","guid":{"rendered":"https:\/\/dechilealpaladar.cl\/?page_id=5057"},"modified":"2026-03-01T16:54:38","modified_gmt":"2026-03-01T19:54:38","slug":"cookie-policy","status":"publish","type":"page","link":"https:\/\/dechilealpaladar.cl\/en\/cookie-policy\/","title":{"rendered":"Cookie Policy"},"content":{"rendered":"\t\t<div data-elementor-type=\"wp-page\" data-elementor-id=\"5057\" class=\"elementor elementor-5057\" data-elementor-post-type=\"page\">\n\t\t\t\t<div class=\"elementor-element elementor-element-93dbac0 e-flex e-con-boxed e-con e-parent\" data-id=\"93dbac0\" data-element_type=\"container\" data-e-type=\"container\">\n\t\t\t\t\t<div class=\"e-con-inner\">\n\t\t\t\t<div class=\"elementor-element elementor-element-089d86d elementor-widget elementor-widget-html\" data-id=\"089d86d\" data-element_type=\"widget\" data-e-type=\"widget\" data-widget_type=\"html.default\">\n\t\t\t\t<div class=\"elementor-widget-container\">\n\t\t\t\t\t<!-- =========================\nPAGE: Cookie Policy (simple, GA-focused)\nSlug suggestion: \/cookies\/ (or \/politica-de-cookies\/)\n========================= -->\n\n<section class=\"legal-page legal-cookies\" lang=\"es\">\n  <style>\n    .legal-page{max-width:920px;margin:40px auto;padding:0 18px;font-family:system-ui,-apple-system,Segoe UI,Roboto,Arial,sans-serif;line-height:1.65;color:#1a1a1a}\n    .legal-page h1{font-size:2rem;line-height:1.2;margin:0 0 10px}\n    .legal-page h2{font-size:1.25rem;margin:28px 0 10px}\n    .legal-page p{margin:10px 0}\n    .legal-page ul{margin:10px 0 10px 18px}\n    .legal-page a{color:#A82F5E;text-decoration:none}\n    .legal-page a:hover{text-decoration:underline}\n    .legal-meta{font-size:.95rem;color:#444;margin:0 0 22px}\n    .legal-note{background:#faf7f8;border:1px solid rgba(168,47,94,.18);padding:14px 14px;border-radius:10px;margin:18px 0}\n    .legal-hr{height:1px;background:#eee;border:0;margin:26px 0}\n  <\/style>\n\n  <h1>Pol\u00edtica de Cookies<\/h1>\n  <p class=\"legal-meta\"><strong>\u00daltima actualizaci\u00f3n:<\/strong> <span>01\/03\/2026<\/span><\/p>\n\n  <div class=\"legal-note\">\n    <p>Usamos cookies principalmente con fines de anal\u00edtica (Google Analytics) y funcionamiento b\u00e1sico del Sitio.<\/p>\n  <\/div>\n\n  <h2>1. Qu\u00e9 son las cookies<\/h2>\n  <p>Las cookies son peque\u00f1os archivos que se almacenan en tu dispositivo al visitar un sitio web. Permiten recordar informaci\u00f3n y medir el uso del sitio.<\/p>\n\n  <h2>2. Qu\u00e9 cookies usamos<\/h2>\n  <ul>\n    <li><strong>Anal\u00edtica (Google Analytics):<\/strong> nos ayuda a entender el tr\u00e1fico y el rendimiento del contenido.<\/li>\n    <li><strong>T\u00e9cnicas\/funcionales:<\/strong> necesarias para el funcionamiento b\u00e1sico del Sitio (pueden variar seg\u00fan plugins\/hosting).<\/li>\n  <\/ul>\n\n  <h2>3. C\u00f3mo controlar o eliminar cookies<\/h2>\n  <p>Puedes permitir, bloquear o eliminar cookies desde la configuraci\u00f3n de tu navegador. Ten en cuenta que bloquear cookies puede afectar la experiencia.<\/p>\n  <p>Opciones \u00fatiles:<\/p>\n  <ul>\n    <li><a href=\"https:\/\/tools.google.com\/dlpage\/gaoptout\" target=\"_blank\" rel=\"noopener\">Inhabilitar Google Analytics<\/a><\/li>\n    <li><a href=\"https:\/\/support.google.com\/chrome\/answer\/95647\" target=\"_blank\" rel=\"noopener\">Gestionar cookies en Chrome<\/a><\/li>\n    <li><a href=\"https:\/\/support.mozilla.org\/es\/kb\/proteccion-mejorada-contra-rastreo\" target=\"_blank\" rel=\"noopener\">Gestionar cookies en Firefox<\/a><\/li>\n    <li><a href=\"https:\/\/support.apple.com\/es-cl\/guide\/safari\/sfri11471\/mac\" target=\"_blank\" rel=\"noopener\">Gestionar cookies en Safari<\/a><\/li>\n  <\/ul>\n\n  <h2>4. M\u00e1s informaci\u00f3n<\/h2>\n  <p>Consulta tambi\u00e9n nuestra <a href=\"[URL-PRIVACY]\">Pol\u00edtica de Privacidad<\/a>.<\/p>\n\n  <hr class=\"legal-hr\" \/>\n  <p class=\"legal-meta\">Contacto: <a href=\"mailto:equipo@dechilealpaladar.cl\">equipo@dechilealpaladar.cl<\/a><\/p>\n<\/section>\t\t\t\t<\/div>\n\t\t\t\t<\/div>\n\t\t\t\t\t<\/div>\n\t\t\t\t<\/div>\n\t\t\t\t<\/div>\n\t\t","protected":false},"excerpt":{"rendered":"<p>Pol\u00edtica de Cookies \u00daltima actualizaci\u00f3n: 01\/03\/2026 Usamos cookies principalmente con fines de anal\u00edtica (Google Analytics) y funcionamiento b\u00e1sico del Sitio. 1. Qu\u00e9 son las cookies Las cookies son peque\u00f1os archivos que se almacenan en tu dispositivo al visitar un sitio web. Permiten recordar informaci\u00f3n y medir el uso del sitio. 2. Qu\u00e9 cookies usamos Anal\u00edtica [&hellip;]<\/p>\n","protected":false},"author":1,"featured_media":0,"parent":0,"menu_order":0,"comment_status":"closed","ping_status":"closed","template":"elementor_header_footer","meta":{"jnews_page_loop":{"first_title":"Latest Post","header_type":"heading_6","layout":"right-sidebar","sidebar":"default-sidebar","second_sidebar":"default-sidebar","sticky_sidebar":"1","module":"3","main_custom_image_size":"default","second_custom_image_size":"default","excerpt_length":"20","content_date":"default","date_custom":"Y\/m\/d","content_pagination":"nav_1","pagination_align":"center","post_sticky":"0","post_offset":"0","posts_per_page":"5","sort_by":"latest"},"jnews_single_page":{"layout":"no-sidebar","sidebar":"default-sidebar","second_sidebar":"default-sidebar","sticky_sidebar":"1","show_post_title":"1","show_post_breadcrumbs":"1","show_post_featured":"1","share_position":"top","share_color":"share-monocrhome"},"footnotes":""},"class_list":["post-5057","page","type-page","status-publish","hentry"],"aioseo_notices":[],"aioseo_head":"\n\t\t<!-- All in One SEO Pro 4.9.5.2 - aioseo.com -->\n\t<meta name=\"description\" content=\"Pol\u00edtica de Cookies \u00daltima actualizaci\u00f3n: 01\/03\/2026 Usamos cookies principalmente con fines de anal\u00edtica (Google Analytics) y funcionamiento b\u00e1sico del Sitio. 1. Qu\u00e9 son las cookies Las cookies son peque\u00f1os archivos que se almacenan en tu dispositivo al visitar un sitio web. Permiten recordar informaci\u00f3n y medir el uso del sitio. 2. Qu\u00e9 cookies usamos Anal\u00edtica\" \/>\n\t<meta name=\"robots\" content=\"max-image-preview:large\" \/>\n\t<meta name=\"google-site-verification\" content=\"FwbYXf8NSX7K5fFr17ZmyxG2GPBjQNe6D5Z26IIESJA\" \/>\n\t<meta name=\"p:domain_verify\" content=\"b1ea975e07205230074b4f8d7926d7df\" \/>\n\t<link rel=\"canonical\" href=\"https:\/\/dechilealpaladar.cl\/en\/cookie-policy\/\" \/>\n\t<meta name=\"generator\" content=\"All in One SEO Pro (AIOSEO) 4.9.5.2\" \/>\n\t\t<meta property=\"og:locale\" content=\"en_GB\" \/>\n\t\t<meta property=\"og:site_name\" content=\"De Chile al Paladar | Noticias del Vino en Chile - De Chile al Paladar celebra la cultura del vino, gastronom\u00eda y enoturismo, ofreciendo noticias, tendencias y rese\u00f1as con enfoque en el valor del patrimonio vitivin\u00edcola chileno y la sostenibilidad.\" \/>\n\t\t<meta property=\"og:type\" content=\"article\" \/>\n\t\t<meta property=\"og:title\" content=\"Cookie Policy | De Chile al Paladar | Noticias del Vino en Chile |\ud83c\udf77\" \/>\n\t\t<meta property=\"og:description\" content=\"Pol\u00edtica de Cookies \u00daltima actualizaci\u00f3n: 01\/03\/2026 Usamos cookies principalmente con fines de anal\u00edtica (Google Analytics) y funcionamiento b\u00e1sico del Sitio. 1. Qu\u00e9 son las cookies Las cookies son peque\u00f1os archivos que se almacenan en tu dispositivo al visitar un sitio web. Permiten recordar informaci\u00f3n y medir el uso del sitio. 2. Qu\u00e9 cookies usamos Anal\u00edtica\" \/>\n\t\t<meta property=\"og:url\" content=\"https:\/\/dechilealpaladar.cl\/en\/cookie-policy\/\" \/>\n\t\t<meta property=\"article:published_time\" content=\"2026-03-01T19:49:26+00:00\" \/>\n\t\t<meta property=\"article:modified_time\" content=\"2026-03-01T19:54:38+00:00\" \/>\n\t\t<meta property=\"article:publisher\" content=\"https:\/\/facebook.com\/dechilealpaladar\" \/>\n\t\t<meta name=\"twitter:card\" content=\"summary_large_image\" \/>\n\t\t<meta name=\"twitter:title\" content=\"Cookie Policy | De Chile al Paladar | Noticias del Vino en Chile |\ud83c\udf77\" \/>\n\t\t<meta name=\"twitter:description\" content=\"Pol\u00edtica de Cookies \u00daltima actualizaci\u00f3n: 01\/03\/2026 Usamos cookies principalmente con fines de anal\u00edtica (Google Analytics) y funcionamiento b\u00e1sico del Sitio. 1. Qu\u00e9 son las cookies Las cookies son peque\u00f1os archivos que se almacenan en tu dispositivo al visitar un sitio web. Permiten recordar informaci\u00f3n y medir el uso del sitio. 2. Qu\u00e9 cookies usamos Anal\u00edtica\" \/>\n\t\t<script type=\"application\/ld+json\" class=\"aioseo-schema\">\n\t\t\t{\"@context\":\"https:\\\/\\\/schema.org\",\"@graph\":[{\"@type\":\"BreadcrumbList\",\"@id\":\"https:\\\/\\\/dechilealpaladar.cl\\\/en\\\/cookie-policy\\\/#breadcrumblist\",\"itemListElement\":[{\"@type\":\"ListItem\",\"@id\":\"https:\\\/\\\/dechilealpaladar.cl\\\/en#listItem\",\"position\":1,\"name\":\"Home\",\"item\":\"https:\\\/\\\/dechilealpaladar.cl\\\/en\",\"nextItem\":{\"@type\":\"ListItem\",\"@id\":\"https:\\\/\\\/dechilealpaladar.cl\\\/en\\\/cookie-policy\\\/#listItem\",\"name\":\"Cookie Policy\"}},{\"@type\":\"ListItem\",\"@id\":\"https:\\\/\\\/dechilealpaladar.cl\\\/en\\\/cookie-policy\\\/#listItem\",\"position\":2,\"name\":\"Cookie Policy\",\"previousItem\":{\"@type\":\"ListItem\",\"@id\":\"https:\\\/\\\/dechilealpaladar.cl\\\/en#listItem\",\"name\":\"Home\"}}]},{\"@type\":\"Organization\",\"@id\":\"https:\\\/\\\/dechilealpaladar.cl\\\/en\\\/#organization\",\"name\":\"De Chile al Paladar\",\"description\":\"De Chile al Paladar es una plataforma dedicada a celebrar y promover la cultura del vino y la gastronom\\u00eda en Chile. Ofrecemos rese\\u00f1as de vinos, maridajes, tendencias, noticias y panoramas, destacando tanto los vinos tradicionales como los de peque\\u00f1os productores. Inspiramos a amantes del vino y la buena mesa a descubrir catas, ferias y las riquezas de la gastronom\\u00eda chilena.\",\"url\":\"https:\\\/\\\/dechilealpaladar.cl\\\/en\\\/\",\"email\":\"equipo@dechilealpaladar.cl\",\"telephone\":\"+56976152439\",\"foundingDate\":\"2025-03-01\",\"numberOfEmployees\":{\"@type\":\"QuantitativeValue\",\"minValue\":0,\"maxValue\":10},\"logo\":{\"@type\":\"ImageObject\",\"url\":\"https:\\\/\\\/dechilealpaladar.cl\\\/wp-content\\\/uploads\\\/2024\\\/11\\\/De_Chile_al_Paladar_Logo_Color-1.png\",\"@id\":\"https:\\\/\\\/dechilealpaladar.cl\\\/en\\\/cookie-policy\\\/#organizationLogo\",\"width\":310,\"height\":200,\"caption\":\"DeChileAlPaladar\"},\"image\":{\"@id\":\"https:\\\/\\\/dechilealpaladar.cl\\\/en\\\/cookie-policy\\\/#organizationLogo\"},\"sameAs\":[\"https:\\\/\\\/facebook.com\\\/dechilealpaladar\",\"https:\\\/\\\/instagram.com\\\/dechilealpaladar\",\"https:\\\/\\\/youtube.com\\\/dechilealpaladar\",\"https:\\\/\\\/linkedin.com\\\/in\\\/dechilealpaladar\"]},{\"@type\":\"WebPage\",\"@id\":\"https:\\\/\\\/dechilealpaladar.cl\\\/en\\\/cookie-policy\\\/#webpage\",\"url\":\"https:\\\/\\\/dechilealpaladar.cl\\\/en\\\/cookie-policy\\\/\",\"name\":\"Cookie Policy | De Chile al Paladar | Noticias del Vino en Chile |\\ud83c\\udf77\",\"description\":\"Pol\\u00edtica de Cookies \\u00daltima actualizaci\\u00f3n: 01\\\/03\\\/2026 Usamos cookies principalmente con fines de anal\\u00edtica (Google Analytics) y funcionamiento b\\u00e1sico del Sitio. 1. Qu\\u00e9 son las cookies Las cookies son peque\\u00f1os archivos que se almacenan en tu dispositivo al visitar un sitio web. Permiten recordar informaci\\u00f3n y medir el uso del sitio. 2. Qu\\u00e9 cookies usamos Anal\\u00edtica\",\"inLanguage\":\"en-GB\",\"isPartOf\":{\"@id\":\"https:\\\/\\\/dechilealpaladar.cl\\\/en\\\/#website\"},\"breadcrumb\":{\"@id\":\"https:\\\/\\\/dechilealpaladar.cl\\\/en\\\/cookie-policy\\\/#breadcrumblist\"},\"datePublished\":\"2026-03-01T16:49:26-03:00\",\"dateModified\":\"2026-03-01T16:54:38-03:00\"},{\"@type\":\"WebSite\",\"@id\":\"https:\\\/\\\/dechilealpaladar.cl\\\/en\\\/#website\",\"url\":\"https:\\\/\\\/dechilealpaladar.cl\\\/en\\\/\",\"name\":\"De Chile al Paladar | Noticias del Vino en Chile\",\"alternateName\":\"De Chile al Paladar\",\"description\":\"De Chile al Paladar celebra la cultura del vino, gastronom\\u00eda y enoturismo, ofreciendo noticias, tendencias y rese\\u00f1as con enfoque en el valor del patrimonio vitivin\\u00edcola chileno y la sostenibilidad.\",\"inLanguage\":\"en-GB\",\"publisher\":{\"@id\":\"https:\\\/\\\/dechilealpaladar.cl\\\/en\\\/#organization\"}}]}\n\t\t<\/script>\n\t\t<!-- All in One SEO Pro -->\r\n\t\t<title>Cookie Policy | De Chile al Paladar | Noticias del Vino en Chile |\ud83c\udf77<\/title>\n\n","aioseo_head_json":{"title":"Cookie Policy | De Chile al Paladar | Noticias del Vino en Chile |\ud83c\udf77","description":"Pol\u00edtica de Cookies \u00daltima actualizaci\u00f3n: 01\/03\/2026 Usamos cookies principalmente con fines de anal\u00edtica (Google Analytics) y funcionamiento b\u00e1sico del Sitio. 1. Qu\u00e9 son las cookies Las cookies son peque\u00f1os archivos que se almacenan en tu dispositivo al visitar un sitio web. Permiten recordar informaci\u00f3n y medir el uso del sitio. 2. Qu\u00e9 cookies usamos Anal\u00edtica","canonical_url":"https:\/\/dechilealpaladar.cl\/en\/cookie-policy\/","robots":"max-image-preview:large","keywords":"","webmasterTools":{"google-site-verification":"FwbYXf8NSX7K5fFr17ZmyxG2GPBjQNe6D5Z26IIESJA","p:domain_verify":"b1ea975e07205230074b4f8d7926d7df","miscellaneous":""},"schema":{"@context":"https:\/\/schema.org","@graph":[{"@type":"BreadcrumbList","@id":"https:\/\/dechilealpaladar.cl\/en\/cookie-policy\/#breadcrumblist","itemListElement":[{"@type":"ListItem","@id":"https:\/\/dechilealpaladar.cl\/en#listItem","position":1,"name":"Home","item":"https:\/\/dechilealpaladar.cl\/en","nextItem":{"@type":"ListItem","@id":"https:\/\/dechilealpaladar.cl\/en\/cookie-policy\/#listItem","name":"Cookie Policy"}},{"@type":"ListItem","@id":"https:\/\/dechilealpaladar.cl\/en\/cookie-policy\/#listItem","position":2,"name":"Cookie Policy","previousItem":{"@type":"ListItem","@id":"https:\/\/dechilealpaladar.cl\/en#listItem","name":"Home"}}]},{"@type":"Organization","@id":"https:\/\/dechilealpaladar.cl\/en\/#organization","name":"De Chile al Paladar","description":"De Chile al Paladar es una plataforma dedicada a celebrar y promover la cultura del vino y la gastronom\u00eda en Chile. Ofrecemos rese\u00f1as de vinos, maridajes, tendencias, noticias y panoramas, destacando tanto los vinos tradicionales como los de peque\u00f1os productores. Inspiramos a amantes del vino y la buena mesa a descubrir catas, ferias y las riquezas de la gastronom\u00eda chilena.","url":"https:\/\/dechilealpaladar.cl\/en\/","email":"equipo@dechilealpaladar.cl","telephone":"+56976152439","foundingDate":"2025-03-01","numberOfEmployees":{"@type":"QuantitativeValue","minValue":0,"maxValue":10},"logo":{"@type":"ImageObject","url":"https:\/\/dechilealpaladar.cl\/wp-content\/uploads\/2024\/11\/De_Chile_al_Paladar_Logo_Color-1.png","@id":"https:\/\/dechilealpaladar.cl\/en\/cookie-policy\/#organizationLogo","width":310,"height":200,"caption":"DeChileAlPaladar"},"image":{"@id":"https:\/\/dechilealpaladar.cl\/en\/cookie-policy\/#organizationLogo"},"sameAs":["https:\/\/facebook.com\/dechilealpaladar","https:\/\/instagram.com\/dechilealpaladar","https:\/\/youtube.com\/dechilealpaladar","https:\/\/linkedin.com\/in\/dechilealpaladar"]},{"@type":"WebPage","@id":"https:\/\/dechilealpaladar.cl\/en\/cookie-policy\/#webpage","url":"https:\/\/dechilealpaladar.cl\/en\/cookie-policy\/","name":"Cookie Policy | De Chile al Paladar | Noticias del Vino en Chile |\ud83c\udf77","description":"Pol\u00edtica de Cookies \u00daltima actualizaci\u00f3n: 01\/03\/2026 Usamos cookies principalmente con fines de anal\u00edtica (Google Analytics) y funcionamiento b\u00e1sico del Sitio. 1. Qu\u00e9 son las cookies Las cookies son peque\u00f1os archivos que se almacenan en tu dispositivo al visitar un sitio web. Permiten recordar informaci\u00f3n y medir el uso del sitio. 2. Qu\u00e9 cookies usamos Anal\u00edtica","inLanguage":"en-GB","isPartOf":{"@id":"https:\/\/dechilealpaladar.cl\/en\/#website"},"breadcrumb":{"@id":"https:\/\/dechilealpaladar.cl\/en\/cookie-policy\/#breadcrumblist"},"datePublished":"2026-03-01T16:49:26-03:00","dateModified":"2026-03-01T16:54:38-03:00"},{"@type":"WebSite","@id":"https:\/\/dechilealpaladar.cl\/en\/#website","url":"https:\/\/dechilealpaladar.cl\/en\/","name":"De Chile al Paladar | Noticias del Vino en Chile","alternateName":"De Chile al Paladar","description":"De Chile al Paladar celebra la cultura del vino, gastronom\u00eda y enoturismo, ofreciendo noticias, tendencias y rese\u00f1as con enfoque en el valor del patrimonio vitivin\u00edcola chileno y la sostenibilidad.","inLanguage":"en-GB","publisher":{"@id":"https:\/\/dechilealpaladar.cl\/en\/#organization"}}]},"og:locale":"en_GB","og:site_name":"De Chile al Paladar | Noticias del Vino en Chile - De Chile al Paladar celebra la cultura del vino, gastronom\u00eda y enoturismo, ofreciendo noticias, tendencias y rese\u00f1as con enfoque en el valor del patrimonio vitivin\u00edcola chileno y la sostenibilidad.","og:type":"article","og:title":"Cookie Policy | De Chile al Paladar | Noticias del Vino en Chile |\ud83c\udf77","og:description":"Pol\u00edtica de Cookies \u00daltima actualizaci\u00f3n: 01\/03\/2026 Usamos cookies principalmente con fines de anal\u00edtica (Google Analytics) y funcionamiento b\u00e1sico del Sitio. 1. Qu\u00e9 son las cookies Las cookies son peque\u00f1os archivos que se almacenan en tu dispositivo al visitar un sitio web. Permiten recordar informaci\u00f3n y medir el uso del sitio. 2. Qu\u00e9 cookies usamos Anal\u00edtica","og:url":"https:\/\/dechilealpaladar.cl\/en\/cookie-policy\/","article:published_time":"2026-03-01T19:49:26+00:00","article:modified_time":"2026-03-01T19:54:38+00:00","article:publisher":"https:\/\/facebook.com\/dechilealpaladar","twitter:card":"summary_large_image","twitter:title":"Cookie Policy | De Chile al Paladar | Noticias del Vino en Chile |\ud83c\udf77","twitter:description":"Pol\u00edtica de Cookies \u00daltima actualizaci\u00f3n: 01\/03\/2026 Usamos cookies principalmente con fines de anal\u00edtica (Google Analytics) y funcionamiento b\u00e1sico del Sitio. 1. Qu\u00e9 son las cookies Las cookies son peque\u00f1os archivos que se almacenan en tu dispositivo al visitar un sitio web. Permiten recordar informaci\u00f3n y medir el uso del sitio. 2. Qu\u00e9 cookies usamos Anal\u00edtica"},"aioseo_meta_data":{"post_id":"5057","title":null,"description":null,"keywords":null,"keyphrases":null,"primary_term":null,"canonical_url":null,"og_title":null,"og_description":null,"og_object_type":"default","og_image_type":"default","og_image_url":null,"og_image_width":null,"og_image_height":null,"og_image_custom_url":null,"og_image_custom_fields":null,"og_video":null,"og_custom_url":null,"og_article_section":null,"og_article_tags":null,"twitter_use_og":false,"twitter_card":"default","twitter_image_type":"default","twitter_image_url":null,"twitter_image_custom_url":null,"twitter_image_custom_fields":null,"twitter_title":null,"twitter_description":null,"schema":{"blockGraphs":[],"customGraphs":[],"default":{"data":{"Article":[],"Course":[],"Dataset":[],"FAQPage":[],"Movie":[],"Person":[],"Product":[],"ProductReview":[],"Car":[],"Recipe":[],"Service":[],"SoftwareApplication":[],"WebPage":[]},"graphName":"","isEnabled":true},"graphs":[]},"schema_type":"default","schema_type_options":null,"pillar_content":false,"robots_default":true,"robots_noindex":false,"robots_noarchive":false,"robots_nosnippet":false,"robots_nofollow":false,"robots_noimageindex":false,"robots_noodp":false,"robots_notranslate":false,"robots_max_snippet":null,"robots_max_videopreview":null,"robots_max_imagepreview":"large","priority":null,"frequency":null,"local_seo":null,"seo_analyzer_scan_date":"2026-03-01 20:16:44","breadcrumb_settings":null,"limit_modified_date":false,"reviewed_by":null,"open_ai":null,"ai":null,"created":"2026-03-01 19:48:43","updated":"2026-03-01 20:29:02"},"aioseo_breadcrumb":"<div class=\"aioseo-breadcrumbs\"><span class=\"aioseo-breadcrumb\">\n\t<a href=\"https:\/\/dechilealpaladar.cl\/en\" title=\"Home\">Home<\/a>\n<\/span><span class=\"aioseo-breadcrumb-separator\">\u00bb<\/span><span class=\"aioseo-breadcrumb\">\n\tCookie Policy\n<\/span><\/div>","aioseo_breadcrumb_json":[{"label":"Home","link":"https:\/\/dechilealpaladar.cl\/en"},{"label":"Cookie Policy","link":"https:\/\/dechilealpaladar.cl\/en\/cookie-policy\/"}],"_links":{"self":[{"href":"https:\/\/dechilealpaladar.cl\/en\/wp-json\/wp\/v2\/pages\/5057","targetHints":{"allow":["GET"]}}],"collection":[{"href":"https:\/\/dechilealpaladar.cl\/en\/wp-json\/wp\/v2\/pages"}],"about":[{"href":"https:\/\/dechilealpaladar.cl\/en\/wp-json\/wp\/v2\/types\/page"}],"author":[{"embeddable":true,"href":"https:\/\/dechilealpaladar.cl\/en\/wp-json\/wp\/v2\/users\/1"}],"replies":[{"embeddable":true,"href":"https:\/\/dechilealpaladar.cl\/en\/wp-json\/wp\/v2\/comments?post=5057"}],"version-history":[{"count":6,"href":"https:\/\/dechilealpaladar.cl\/en\/wp-json\/wp\/v2\/pages\/5057\/revisions"}],"predecessor-version":[{"id":5071,"href":"https:\/\/dechilealpaladar.cl\/en\/wp-json\/wp\/v2\/pages\/5057\/revisions\/5071"}],"wp:attachment":[{"href":"https:\/\/dechilealpaladar.cl\/en\/wp-json\/wp\/v2\/media?parent=5057"}],"curies":[{"name":"wp","href":"https:\/\/api.w.org\/{rel}","templated":true}]}}