{"id":5061,"date":"2026-03-01T16:51:22","date_gmt":"2026-03-01T19:51:22","guid":{"rendered":"https:\/\/dechilealpaladar.cl\/?page_id=5061"},"modified":"2026-03-01T16:53:30","modified_gmt":"2026-03-01T19:53:30","slug":"copyright","status":"publish","type":"page","link":"https:\/\/dechilealpaladar.cl\/en\/copyright\/","title":{"rendered":"Copyright"},"content":{"rendered":"<div data-elementor-type=\"wp-page\" data-elementor-id=\"5061\" class=\"elementor elementor-5061\" data-elementor-post-type=\"page\">\n\t\t\t\t<div class=\"elementor-element elementor-element-0223b26 e-flex e-con-boxed e-con e-parent\" data-id=\"0223b26\" data-element_type=\"container\" data-e-type=\"container\">\n\t\t\t\t\t<div class=\"e-con-inner\">\n\t\t\t\t<div class=\"elementor-element elementor-element-3f0c9e8 elementor-widget elementor-widget-html\" data-id=\"3f0c9e8\" data-element_type=\"widget\" data-e-type=\"widget\" data-widget_type=\"html.default\">\n\t\t\t\t<div class=\"elementor-widget-container\">\n\t\t\t\t\t<!-- =========================\nOPTIONAL (but smart for you as photographer):\nCopyright \/ Image Use Notice\nSlug suggestion: \/copyright\/ (or \/uso-de-imagenes\/)\n========================= -->\n\n<section class=\"legal-page legal-copyright\" lang=\"es\">\n  <style>\n    .legal-page{max-width:920px;margin:40px auto;padding:0 18px;font-family:system-ui,-apple-system,Segoe UI,Roboto,Arial,sans-serif;line-height:1.65;color:#1a1a1a}\n    .legal-page h1{font-size:2rem;line-height:1.2;margin:0 0 10px}\n    .legal-page h2{font-size:1.25rem;margin:28px 0 10px}\n    .legal-page p{margin:10px 0}\n    .legal-page ul{margin:10px 0 10px 18px}\n    .legal-page a{color:#A82F5E;text-decoration:none}\n    .legal-page a:hover{text-decoration:underline}\n    .legal-meta{font-size:.95rem;color:#444;margin:0 0 22px}\n    .legal-note{background:#faf7f8;border:1px solid rgba(168,47,94,.18);padding:14px 14px;border-radius:10px;margin:18px 0}\n    .legal-hr{height:1px;background:#eee;border:0;margin:26px 0}\n  <\/style>\n\n  <h1>Uso de Im\u00e1genes y Copyright<\/h1>\n  <p class=\"legal-meta\"><strong>\u00daltima actualizaci\u00f3n:<\/strong> <span>01\/03\/2026<\/span><\/p>\n\n  <div class=\"legal-note\">\n    <p><strong>En simple:<\/strong> no est\u00e1 permitido reutilizar fotos o textos del Sitio sin permiso.<\/p>\n  <\/div>\n\n  <h2>1. Derechos de autor<\/h2>\n  <p>Las fotograf\u00edas, textos y otros materiales del Sitio est\u00e1n protegidos por derechos de autor, salvo indicaci\u00f3n contraria.<\/p>\n\n  <h2>2. Usos prohibidos sin autorizaci\u00f3n<\/h2>\n  <ul>\n    <li>Repost o publicaci\u00f3n total\/parcial en redes, medios o sitios web.<\/li>\n    <li>Uso comercial o publicitario.<\/li>\n    <li>Uso en materiales impresos, campa\u00f1as, newsletters o RRSS corporativas.<\/li>\n  <\/ul>\n\n  <h2>3. C\u00f3mo solicitar licencia o permiso<\/h2>\n  <p>Escr\u00edbenos a <a href=\"mailto:equipo@dechilealpaladar.cl\">equipo@dechilealpaladar.cl<\/a> con:<\/p>\n  <ul>\n    <li>URL de la foto\/art\u00edculo<\/li>\n    <li>Uso previsto (editorial\/comercial)<\/li>\n    <li>Plazo y territorios<\/li>\n    <li>Canales (web, RRSS, impresi\u00f3n, etc.)<\/li>\n  <\/ul>\n\n  <h2>4. Reclamos por uso indebido<\/h2>\n  <p>Si detectas contenido que infringe derechos (o si crees que una imagen te afecta), cont\u00e1ctanos con la URL y detalles. Revisaremos y responderemos a la brevedad.<\/p>\n\n  <hr class=\"legal-hr\" \/>\n  <p class=\"legal-meta\">Contacto: <a href=\"mailto:equipo@dechilealpaladar.cl\">equipo@dechilealpaladar.cl<\/a><\/p>\n<\/section>\t\t\t\t<\/div>\n\t\t\t\t<\/div>\n\t\t\t\t\t<\/div>\n\t\t\t\t<\/div>\n\t\t\t\t<\/div>","protected":false},"excerpt":{"rendered":"<p>Uso de Im\u00e1genes y Copyright \u00daltima actualizaci\u00f3n: 01\/03\/2026 En simple: no est\u00e1 permitido reutilizar fotos o textos del Sitio sin permiso. 1. Derechos de autor Las fotograf\u00edas, textos y otros materiales del Sitio est\u00e1n protegidos por derechos de autor, salvo indicaci\u00f3n contraria. 2. Usos prohibidos sin autorizaci\u00f3n Repost o publicaci\u00f3n total\/parcial en redes, medios o [&hellip;]<\/p>\n","protected":false},"author":1,"featured_media":0,"parent":0,"menu_order":0,"comment_status":"closed","ping_status":"closed","template":"elementor_header_footer","meta":{"jnews_page_loop":{"first_title":"Latest Post","header_type":"heading_6","layout":"right-sidebar","sidebar":"default-sidebar","second_sidebar":"default-sidebar","sticky_sidebar":"1","module":"3","main_custom_image_size":"default","second_custom_image_size":"default","excerpt_length":"20","content_date":"default","date_custom":"Y\/m\/d","content_pagination":"nav_1","pagination_align":"center","post_sticky":"0","post_offset":"0","posts_per_page":"5","sort_by":"latest"},"jnews_single_page":{"layout":"no-sidebar","sidebar":"default-sidebar","second_sidebar":"default-sidebar","sticky_sidebar":"1","show_post_title":"1","show_post_breadcrumbs":"1","show_post_featured":"1","share_position":"top","share_color":"share-monocrhome"},"footnotes":""},"class_list":["post-5061","page","type-page","status-publish","hentry"],"aioseo_notices":[],"aioseo_head":"\n\t\t<!-- All in One SEO Pro 4.9.5.2 - aioseo.com -->\n\t<meta name=\"description\" content=\"Uso de Im\u00e1genes y Copyright \u00daltima actualizaci\u00f3n: 01\/03\/2026 En simple: no est\u00e1 permitido reutilizar fotos o textos del Sitio sin permiso. 1. Derechos de autor Las fotograf\u00edas, textos y otros materiales del Sitio est\u00e1n protegidos por derechos de autor, salvo indicaci\u00f3n contraria. 2. Usos prohibidos sin autorizaci\u00f3n Repost o publicaci\u00f3n total\/parcial en redes, medios o\" \/>\n\t<meta name=\"robots\" content=\"max-image-preview:large\" \/>\n\t<meta name=\"google-site-verification\" content=\"FwbYXf8NSX7K5fFr17ZmyxG2GPBjQNe6D5Z26IIESJA\" \/>\n\t<meta name=\"p:domain_verify\" content=\"b1ea975e07205230074b4f8d7926d7df\" \/>\n\t<link rel=\"canonical\" href=\"https:\/\/dechilealpaladar.cl\/en\/copyright\/\" \/>\n\t<meta name=\"generator\" content=\"All in One SEO Pro (AIOSEO) 4.9.5.2\" \/>\n\t\t<meta property=\"og:locale\" content=\"en_GB\" \/>\n\t\t<meta property=\"og:site_name\" content=\"De Chile al Paladar | Noticias del Vino en Chile - De Chile al Paladar celebra la cultura del vino, gastronom\u00eda y enoturismo, ofreciendo noticias, tendencias y rese\u00f1as con enfoque en el valor del patrimonio vitivin\u00edcola chileno y la sostenibilidad.\" \/>\n\t\t<meta property=\"og:type\" content=\"article\" \/>\n\t\t<meta property=\"og:title\" content=\"Copyright | De Chile al Paladar | Noticias del Vino en Chile |\ud83c\udf77\" \/>\n\t\t<meta property=\"og:description\" content=\"Uso de Im\u00e1genes y Copyright \u00daltima actualizaci\u00f3n: 01\/03\/2026 En simple: no est\u00e1 permitido reutilizar fotos o textos del Sitio sin permiso. 1. Derechos de autor Las fotograf\u00edas, textos y otros materiales del Sitio est\u00e1n protegidos por derechos de autor, salvo indicaci\u00f3n contraria. 2. Usos prohibidos sin autorizaci\u00f3n Repost o publicaci\u00f3n total\/parcial en redes, medios o\" \/>\n\t\t<meta property=\"og:url\" content=\"https:\/\/dechilealpaladar.cl\/en\/copyright\/\" \/>\n\t\t<meta property=\"article:published_time\" content=\"2026-03-01T19:51:22+00:00\" \/>\n\t\t<meta property=\"article:modified_time\" content=\"2026-03-01T19:53:30+00:00\" \/>\n\t\t<meta property=\"article:publisher\" content=\"https:\/\/facebook.com\/dechilealpaladar\" \/>\n\t\t<meta name=\"twitter:card\" content=\"summary_large_image\" \/>\n\t\t<meta name=\"twitter:title\" content=\"Copyright | De Chile al Paladar | Noticias del Vino en Chile |\ud83c\udf77\" \/>\n\t\t<meta name=\"twitter:description\" content=\"Uso de Im\u00e1genes y Copyright \u00daltima actualizaci\u00f3n: 01\/03\/2026 En simple: no est\u00e1 permitido reutilizar fotos o textos del Sitio sin permiso. 1. Derechos de autor Las fotograf\u00edas, textos y otros materiales del Sitio est\u00e1n protegidos por derechos de autor, salvo indicaci\u00f3n contraria. 2. Usos prohibidos sin autorizaci\u00f3n Repost o publicaci\u00f3n total\/parcial en redes, medios o\" \/>\n\t\t<script type=\"application\/ld+json\" class=\"aioseo-schema\">\n\t\t\t{\"@context\":\"https:\\\/\\\/schema.org\",\"@graph\":[{\"@type\":\"BreadcrumbList\",\"@id\":\"https:\\\/\\\/dechilealpaladar.cl\\\/en\\\/copyright\\\/#breadcrumblist\",\"itemListElement\":[{\"@type\":\"ListItem\",\"@id\":\"https:\\\/\\\/dechilealpaladar.cl\\\/en#listItem\",\"position\":1,\"name\":\"Home\",\"item\":\"https:\\\/\\\/dechilealpaladar.cl\\\/en\",\"nextItem\":{\"@type\":\"ListItem\",\"@id\":\"https:\\\/\\\/dechilealpaladar.cl\\\/en\\\/copyright\\\/#listItem\",\"name\":\"Copyright\"}},{\"@type\":\"ListItem\",\"@id\":\"https:\\\/\\\/dechilealpaladar.cl\\\/en\\\/copyright\\\/#listItem\",\"position\":2,\"name\":\"Copyright\",\"previousItem\":{\"@type\":\"ListItem\",\"@id\":\"https:\\\/\\\/dechilealpaladar.cl\\\/en#listItem\",\"name\":\"Home\"}}]},{\"@type\":\"Organization\",\"@id\":\"https:\\\/\\\/dechilealpaladar.cl\\\/en\\\/#organization\",\"name\":\"De Chile al Paladar\",\"description\":\"De Chile al Paladar es una plataforma dedicada a celebrar y promover la cultura del vino y la gastronom\\u00eda en Chile. Ofrecemos rese\\u00f1as de vinos, maridajes, tendencias, noticias y panoramas, destacando tanto los vinos tradicionales como los de peque\\u00f1os productores. Inspiramos a amantes del vino y la buena mesa a descubrir catas, ferias y las riquezas de la gastronom\\u00eda chilena.\",\"url\":\"https:\\\/\\\/dechilealpaladar.cl\\\/en\\\/\",\"email\":\"equipo@dechilealpaladar.cl\",\"telephone\":\"+56976152439\",\"foundingDate\":\"2025-03-01\",\"numberOfEmployees\":{\"@type\":\"QuantitativeValue\",\"minValue\":0,\"maxValue\":10},\"logo\":{\"@type\":\"ImageObject\",\"url\":\"https:\\\/\\\/dechilealpaladar.cl\\\/wp-content\\\/uploads\\\/2024\\\/11\\\/De_Chile_al_Paladar_Logo_Color-1.png\",\"@id\":\"https:\\\/\\\/dechilealpaladar.cl\\\/en\\\/copyright\\\/#organizationLogo\",\"width\":310,\"height\":200,\"caption\":\"DeChileAlPaladar\"},\"image\":{\"@id\":\"https:\\\/\\\/dechilealpaladar.cl\\\/en\\\/copyright\\\/#organizationLogo\"},\"sameAs\":[\"https:\\\/\\\/facebook.com\\\/dechilealpaladar\",\"https:\\\/\\\/instagram.com\\\/dechilealpaladar\",\"https:\\\/\\\/youtube.com\\\/dechilealpaladar\",\"https:\\\/\\\/linkedin.com\\\/in\\\/dechilealpaladar\"]},{\"@type\":\"WebPage\",\"@id\":\"https:\\\/\\\/dechilealpaladar.cl\\\/en\\\/copyright\\\/#webpage\",\"url\":\"https:\\\/\\\/dechilealpaladar.cl\\\/en\\\/copyright\\\/\",\"name\":\"Copyright | De Chile al Paladar | Noticias del Vino en Chile |\\ud83c\\udf77\",\"description\":\"Uso de Im\\u00e1genes y Copyright \\u00daltima actualizaci\\u00f3n: 01\\\/03\\\/2026 En simple: no est\\u00e1 permitido reutilizar fotos o textos del Sitio sin permiso. 1. Derechos de autor Las fotograf\\u00edas, textos y otros materiales del Sitio est\\u00e1n protegidos por derechos de autor, salvo indicaci\\u00f3n contraria. 2. Usos prohibidos sin autorizaci\\u00f3n Repost o publicaci\\u00f3n total\\\/parcial en redes, medios o\",\"inLanguage\":\"en-GB\",\"isPartOf\":{\"@id\":\"https:\\\/\\\/dechilealpaladar.cl\\\/en\\\/#website\"},\"breadcrumb\":{\"@id\":\"https:\\\/\\\/dechilealpaladar.cl\\\/en\\\/copyright\\\/#breadcrumblist\"},\"datePublished\":\"2026-03-01T16:51:22-03:00\",\"dateModified\":\"2026-03-01T16:53:30-03:00\"},{\"@type\":\"WebSite\",\"@id\":\"https:\\\/\\\/dechilealpaladar.cl\\\/en\\\/#website\",\"url\":\"https:\\\/\\\/dechilealpaladar.cl\\\/en\\\/\",\"name\":\"De Chile al Paladar | Noticias del Vino en Chile\",\"alternateName\":\"De Chile al Paladar\",\"description\":\"De Chile al Paladar celebra la cultura del vino, gastronom\\u00eda y enoturismo, ofreciendo noticias, tendencias y rese\\u00f1as con enfoque en el valor del patrimonio vitivin\\u00edcola chileno y la sostenibilidad.\",\"inLanguage\":\"en-GB\",\"publisher\":{\"@id\":\"https:\\\/\\\/dechilealpaladar.cl\\\/en\\\/#organization\"}}]}\n\t\t<\/script>\n\t\t<!-- All in One SEO Pro -->\r\n\t\t<title>Copyright | De Chile al Paladar | Noticias del Vino en Chile |\ud83c\udf77<\/title>\n\n","aioseo_head_json":{"title":"Copyright | De Chile al Paladar | Noticias del Vino en Chile |\ud83c\udf77","description":"Uso de Im\u00e1genes y Copyright \u00daltima actualizaci\u00f3n: 01\/03\/2026 En simple: no est\u00e1 permitido reutilizar fotos o textos del Sitio sin permiso. 1. Derechos de autor Las fotograf\u00edas, textos y otros materiales del Sitio est\u00e1n protegidos por derechos de autor, salvo indicaci\u00f3n contraria. 2. Usos prohibidos sin autorizaci\u00f3n Repost o publicaci\u00f3n total\/parcial en redes, medios o","canonical_url":"https:\/\/dechilealpaladar.cl\/en\/copyright\/","robots":"max-image-preview:large","keywords":"","webmasterTools":{"google-site-verification":"FwbYXf8NSX7K5fFr17ZmyxG2GPBjQNe6D5Z26IIESJA","p:domain_verify":"b1ea975e07205230074b4f8d7926d7df","miscellaneous":""},"schema":{"@context":"https:\/\/schema.org","@graph":[{"@type":"BreadcrumbList","@id":"https:\/\/dechilealpaladar.cl\/en\/copyright\/#breadcrumblist","itemListElement":[{"@type":"ListItem","@id":"https:\/\/dechilealpaladar.cl\/en#listItem","position":1,"name":"Home","item":"https:\/\/dechilealpaladar.cl\/en","nextItem":{"@type":"ListItem","@id":"https:\/\/dechilealpaladar.cl\/en\/copyright\/#listItem","name":"Copyright"}},{"@type":"ListItem","@id":"https:\/\/dechilealpaladar.cl\/en\/copyright\/#listItem","position":2,"name":"Copyright","previousItem":{"@type":"ListItem","@id":"https:\/\/dechilealpaladar.cl\/en#listItem","name":"Home"}}]},{"@type":"Organization","@id":"https:\/\/dechilealpaladar.cl\/en\/#organization","name":"De Chile al Paladar","description":"De Chile al Paladar es una plataforma dedicada a celebrar y promover la cultura del vino y la gastronom\u00eda en Chile. Ofrecemos rese\u00f1as de vinos, maridajes, tendencias, noticias y panoramas, destacando tanto los vinos tradicionales como los de peque\u00f1os productores. Inspiramos a amantes del vino y la buena mesa a descubrir catas, ferias y las riquezas de la gastronom\u00eda chilena.","url":"https:\/\/dechilealpaladar.cl\/en\/","email":"equipo@dechilealpaladar.cl","telephone":"+56976152439","foundingDate":"2025-03-01","numberOfEmployees":{"@type":"QuantitativeValue","minValue":0,"maxValue":10},"logo":{"@type":"ImageObject","url":"https:\/\/dechilealpaladar.cl\/wp-content\/uploads\/2024\/11\/De_Chile_al_Paladar_Logo_Color-1.png","@id":"https:\/\/dechilealpaladar.cl\/en\/copyright\/#organizationLogo","width":310,"height":200,"caption":"DeChileAlPaladar"},"image":{"@id":"https:\/\/dechilealpaladar.cl\/en\/copyright\/#organizationLogo"},"sameAs":["https:\/\/facebook.com\/dechilealpaladar","https:\/\/instagram.com\/dechilealpaladar","https:\/\/youtube.com\/dechilealpaladar","https:\/\/linkedin.com\/in\/dechilealpaladar"]},{"@type":"WebPage","@id":"https:\/\/dechilealpaladar.cl\/en\/copyright\/#webpage","url":"https:\/\/dechilealpaladar.cl\/en\/copyright\/","name":"Copyright | De Chile al Paladar | Noticias del Vino en Chile |\ud83c\udf77","description":"Uso de Im\u00e1genes y Copyright \u00daltima actualizaci\u00f3n: 01\/03\/2026 En simple: no est\u00e1 permitido reutilizar fotos o textos del Sitio sin permiso. 1. Derechos de autor Las fotograf\u00edas, textos y otros materiales del Sitio est\u00e1n protegidos por derechos de autor, salvo indicaci\u00f3n contraria. 2. Usos prohibidos sin autorizaci\u00f3n Repost o publicaci\u00f3n total\/parcial en redes, medios o","inLanguage":"en-GB","isPartOf":{"@id":"https:\/\/dechilealpaladar.cl\/en\/#website"},"breadcrumb":{"@id":"https:\/\/dechilealpaladar.cl\/en\/copyright\/#breadcrumblist"},"datePublished":"2026-03-01T16:51:22-03:00","dateModified":"2026-03-01T16:53:30-03:00"},{"@type":"WebSite","@id":"https:\/\/dechilealpaladar.cl\/en\/#website","url":"https:\/\/dechilealpaladar.cl\/en\/","name":"De Chile al Paladar | Noticias del Vino en Chile","alternateName":"De Chile al Paladar","description":"De Chile al Paladar celebra la cultura del vino, gastronom\u00eda y enoturismo, ofreciendo noticias, tendencias y rese\u00f1as con enfoque en el valor del patrimonio vitivin\u00edcola chileno y la sostenibilidad.","inLanguage":"en-GB","publisher":{"@id":"https:\/\/dechilealpaladar.cl\/en\/#organization"}}]},"og:locale":"en_GB","og:site_name":"De Chile al Paladar | Noticias del Vino en Chile - De Chile al Paladar celebra la cultura del vino, gastronom\u00eda y enoturismo, ofreciendo noticias, tendencias y rese\u00f1as con enfoque en el valor del patrimonio vitivin\u00edcola chileno y la sostenibilidad.","og:type":"article","og:title":"Copyright | De Chile al Paladar | Noticias del Vino en Chile |\ud83c\udf77","og:description":"Uso de Im\u00e1genes y Copyright \u00daltima actualizaci\u00f3n: 01\/03\/2026 En simple: no est\u00e1 permitido reutilizar fotos o textos del Sitio sin permiso. 1. Derechos de autor Las fotograf\u00edas, textos y otros materiales del Sitio est\u00e1n protegidos por derechos de autor, salvo indicaci\u00f3n contraria. 2. Usos prohibidos sin autorizaci\u00f3n Repost o publicaci\u00f3n total\/parcial en redes, medios o","og:url":"https:\/\/dechilealpaladar.cl\/en\/copyright\/","article:published_time":"2026-03-01T19:51:22+00:00","article:modified_time":"2026-03-01T19:53:30+00:00","article:publisher":"https:\/\/facebook.com\/dechilealpaladar","twitter:card":"summary_large_image","twitter:title":"Copyright | De Chile al Paladar | Noticias del Vino en Chile |\ud83c\udf77","twitter:description":"Uso de Im\u00e1genes y Copyright \u00daltima actualizaci\u00f3n: 01\/03\/2026 En simple: no est\u00e1 permitido reutilizar fotos o textos del Sitio sin permiso. 1. Derechos de autor Las fotograf\u00edas, textos y otros materiales del Sitio est\u00e1n protegidos por derechos de autor, salvo indicaci\u00f3n contraria. 2. Usos prohibidos sin autorizaci\u00f3n Repost o publicaci\u00f3n total\/parcial en redes, medios o"},"aioseo_meta_data":{"post_id":"5061","title":null,"description":null,"keywords":null,"keyphrases":{"focus":{"keyphrase":"","score":0,"analysis":{"keyphraseInTitle":{"score":0,"maxScore":9,"error":1}}},"additional":[]},"primary_term":null,"canonical_url":null,"og_title":null,"og_description":null,"og_object_type":"default","og_image_type":"default","og_image_url":null,"og_image_width":null,"og_image_height":null,"og_image_custom_url":null,"og_image_custom_fields":null,"og_video":"","og_custom_url":null,"og_article_section":null,"og_article_tags":null,"twitter_use_og":false,"twitter_card":"default","twitter_image_type":"default","twitter_image_url":null,"twitter_image_custom_url":null,"twitter_image_custom_fields":null,"twitter_title":null,"twitter_description":null,"schema":{"blockGraphs":[],"customGraphs":[],"default":{"data":{"Article":[],"Course":[],"Dataset":[],"FAQPage":[],"Movie":[],"Person":[],"Product":[],"ProductReview":[],"Car":[],"Recipe":[],"Service":[],"SoftwareApplication":[],"WebPage":[]},"graphName":"WebPage","isEnabled":true},"graphs":[]},"schema_type":"default","schema_type_options":null,"pillar_content":false,"robots_default":true,"robots_noindex":false,"robots_noarchive":false,"robots_nosnippet":false,"robots_nofollow":false,"robots_noimageindex":false,"robots_noodp":false,"robots_notranslate":false,"robots_max_snippet":"-1","robots_max_videopreview":"-1","robots_max_imagepreview":"large","priority":null,"frequency":"default","local_seo":null,"seo_analyzer_scan_date":"2026-03-01 20:16:46","breadcrumb_settings":null,"limit_modified_date":false,"reviewed_by":"0","open_ai":null,"ai":{"faqs":[],"keyPoints":[],"titles":[],"descriptions":[],"socialPosts":{"email":[],"linkedin":[],"twitter":[],"facebook":[],"instagram":[]}},"created":"2026-03-01 19:51:05","updated":"2026-03-01 20:29:02"},"aioseo_breadcrumb":"<div class=\"aioseo-breadcrumbs\"><span class=\"aioseo-breadcrumb\">\n\t<a href=\"https:\/\/dechilealpaladar.cl\/en\" title=\"Home\">Home<\/a>\n<\/span><span class=\"aioseo-breadcrumb-separator\">\u00bb<\/span><span class=\"aioseo-breadcrumb\">\n\tCopyright\n<\/span><\/div>","aioseo_breadcrumb_json":[{"label":"Home","link":"https:\/\/dechilealpaladar.cl\/en"},{"label":"Copyright","link":"https:\/\/dechilealpaladar.cl\/en\/copyright\/"}],"_links":{"self":[{"href":"https:\/\/dechilealpaladar.cl\/en\/wp-json\/wp\/v2\/pages\/5061","targetHints":{"allow":["GET"]}}],"collection":[{"href":"https:\/\/dechilealpaladar.cl\/en\/wp-json\/wp\/v2\/pages"}],"about":[{"href":"https:\/\/dechilealpaladar.cl\/en\/wp-json\/wp\/v2\/types\/page"}],"author":[{"embeddable":true,"href":"https:\/\/dechilealpaladar.cl\/en\/wp-json\/wp\/v2\/users\/1"}],"replies":[{"embeddable":true,"href":"https:\/\/dechilealpaladar.cl\/en\/wp-json\/wp\/v2\/comments?post=5061"}],"version-history":[{"count":7,"href":"https:\/\/dechilealpaladar.cl\/en\/wp-json\/wp\/v2\/pages\/5061\/revisions"}],"predecessor-version":[{"id":5068,"href":"https:\/\/dechilealpaladar.cl\/en\/wp-json\/wp\/v2\/pages\/5061\/revisions\/5068"}],"wp:attachment":[{"href":"https:\/\/dechilealpaladar.cl\/en\/wp-json\/wp\/v2\/media?parent=5061"}],"curies":[{"name":"wp","href":"https:\/\/api.w.org\/{rel}","templated":true}]}}